{"id":39644,"date":"2023-03-20T02:35:37","date_gmt":"2023-03-20T01:35:37","guid":{"rendered":"https:\/\/www.bolzonelladivise.com\/prodotto\/pantaloni-uomo-con-tasche-ab-pegasuspan\/"},"modified":"2024-07-04T14:42:25","modified_gmt":"2024-07-04T12:42:25","slug":"pantaloni-uomo-con-tasche-ab-pegasuspan","status":"publish","type":"product","link":"https:\/\/www.bolzonelladivise.com\/it\/collezioni\/completi-uomo\/ab-pegasuspan\/","title":{"rendered":"Pantaloni uomo con tasche"},"content":{"rendered":"<p>Pantaloni uomo dal taglio sartoriale, vestibilit\u00e0 slim fit, con piega sulla gamba. Due tasche all&#8217;americana ai fianchi in diagonale e tasca posteriore. Chiusura con bottone e zip nascosta da patta. Cinque passanti in vita e cinturino regolare.<\/p>\n","protected":false},"excerpt":{"rendered":"<p>Pantaloni uomo dal taglio sartoriale, vestibilit\u00e0 slim fit, con piega sulla gamba. Due tasche all&#8217;americana ai fianchi in diagonale e tasca posteriore. Chiusura con bottone e zip nascosta da patta. Cinque passanti in vita e cinturino regolare.<\/p>\n","protected":false},"featured_media":45625,"template":"","meta":[],"product_brand":[],"product_cat":[1421,1424,1678],"product_tag":[],"class_list":{"0":"post-39644","1":"product","2":"type-product","3":"status-publish","4":"has-post-thumbnail","6":"product_cat-collezioni","7":"product_cat-completi-uomo","8":"product_cat-divise-da-lavoro-per-musei-e-guardia-sala-museale","10":"first","11":"instock","12":"shipping-taxable","13":"purchasable","14":"product-type-variable"},"yoast_head":"<!-- This site is optimized with the Yoast SEO plugin v26.8 - https:\/\/yoast.com\/product\/yoast-seo-wordpress\/ -->\n<title>Pantaloni uomo con Tasche BRPEGASUSPAN | Bolzonella Divise<\/title>\n<meta name=\"description\" content=\"Il pantalone BRPEGASUSPAN \u00e8 l&#039;ideale per la quotidianit\u00e0 in ufficio: comodo e professionale, grazie alle sue grandi tasche permette la massima praticit\u00e0. Scoprilo ora!\" \/>\n<meta name=\"robots\" content=\"index, follow, max-snippet:-1, max-image-preview:large, max-video-preview:-1\" \/>\n<link rel=\"canonical\" href=\"https:\/\/www.bolzonelladivise.com\/it\/collezioni\/completi-uomo\/ab-pegasuspan\/\" \/>\n<meta property=\"og:locale\" content=\"it_IT\" \/>\n<meta property=\"og:type\" content=\"article\" \/>\n<meta property=\"og:title\" content=\"Pantaloni uomo con Tasche BRPEGASUSPAN | Bolzonella Divise\" \/>\n<meta property=\"og:description\" content=\"Il pantalone BRPEGASUSPAN \u00e8 l&#039;ideale per la quotidianit\u00e0 in ufficio: comodo e professionale, grazie alle sue grandi tasche permette la massima praticit\u00e0. Scoprilo ora!\" \/>\n<meta property=\"og:url\" content=\"https:\/\/www.bolzonelladivise.com\/it\/collezioni\/completi-uomo\/ab-pegasuspan\/\" \/>\n<meta property=\"og:site_name\" content=\"Bolzonella Divise\" \/>\n<meta property=\"article:modified_time\" content=\"2024-07-04T12:42:25+00:00\" \/>\n<meta property=\"og:image\" content=\"https:\/\/www.bolzonelladivise.com\/wp-content\/uploads\/BRPEGASUSPAN-NE-1.jpg\" \/>\n\t<meta property=\"og:image:width\" content=\"1300\" \/>\n\t<meta property=\"og:image:height\" content=\"1800\" \/>\n\t<meta property=\"og:image:type\" content=\"image\/jpeg\" \/>\n<meta name=\"twitter:card\" content=\"summary_large_image\" \/>\n<meta name=\"twitter:label1\" content=\"Tempo di lettura stimato\" \/>\n\t<meta name=\"twitter:data1\" content=\"1 minuto\" \/>\n<script type=\"application\/ld+json\" class=\"yoast-schema-graph\">{\"@context\":\"https:\/\/schema.org\",\"@graph\":[{\"@type\":\"WebPage\",\"@id\":\"https:\/\/www.bolzonelladivise.com\/it\/collezioni\/completi-uomo\/ab-pegasuspan\/\",\"url\":\"https:\/\/www.bolzonelladivise.com\/it\/collezioni\/completi-uomo\/ab-pegasuspan\/\",\"name\":\"Pantaloni uomo con Tasche BRPEGASUSPAN | Bolzonella Divise\",\"isPartOf\":{\"@id\":\"https:\/\/www.bolzonelladivise.com\/it\/#website\"},\"primaryImageOfPage\":{\"@id\":\"https:\/\/www.bolzonelladivise.com\/it\/collezioni\/completi-uomo\/ab-pegasuspan\/#primaryimage\"},\"image\":{\"@id\":\"https:\/\/www.bolzonelladivise.com\/it\/collezioni\/completi-uomo\/ab-pegasuspan\/#primaryimage\"},\"thumbnailUrl\":\"https:\/\/www.bolzonelladivise.com\/wp-content\/uploads\/BRPEGASUSPAN-NE-1.jpg\",\"datePublished\":\"2023-03-20T01:35:37+00:00\",\"dateModified\":\"2024-07-04T12:42:25+00:00\",\"description\":\"Il pantalone BRPEGASUSPAN \u00e8 l'ideale per la quotidianit\u00e0 in ufficio: comodo e professionale, grazie alle sue grandi tasche permette la massima praticit\u00e0. Scoprilo ora!\",\"breadcrumb\":{\"@id\":\"https:\/\/www.bolzonelladivise.com\/it\/collezioni\/completi-uomo\/ab-pegasuspan\/#breadcrumb\"},\"inLanguage\":\"it-IT\",\"potentialAction\":[{\"@type\":\"ReadAction\",\"target\":[\"https:\/\/www.bolzonelladivise.com\/it\/collezioni\/completi-uomo\/ab-pegasuspan\/\"]}]},{\"@type\":\"ImageObject\",\"inLanguage\":\"it-IT\",\"@id\":\"https:\/\/www.bolzonelladivise.com\/it\/collezioni\/completi-uomo\/ab-pegasuspan\/#primaryimage\",\"url\":\"https:\/\/www.bolzonelladivise.com\/wp-content\/uploads\/BRPEGASUSPAN-NE-1.jpg\",\"contentUrl\":\"https:\/\/www.bolzonelladivise.com\/wp-content\/uploads\/BRPEGASUSPAN-NE-1.jpg\",\"width\":1300,\"height\":1800,\"caption\":\"BRPEGASUSPAN NE 1\"},{\"@type\":\"BreadcrumbList\",\"@id\":\"https:\/\/www.bolzonelladivise.com\/it\/collezioni\/completi-uomo\/ab-pegasuspan\/#breadcrumb\",\"itemListElement\":[{\"@type\":\"ListItem\",\"position\":1,\"name\":\"Home\",\"item\":\"https:\/\/www.bolzonelladivise.com\/it\/\"},{\"@type\":\"ListItem\",\"position\":2,\"name\":\"Prodotti\",\"item\":\"https:\/\/www.bolzonelladivise.com\/it\/shop\/\"},{\"@type\":\"ListItem\",\"position\":3,\"name\":\"Pantaloni uomo con tasche\"}]},{\"@type\":\"WebSite\",\"@id\":\"https:\/\/www.bolzonelladivise.com\/it\/#website\",\"url\":\"https:\/\/www.bolzonelladivise.com\/it\/\",\"name\":\"Bolzonella Divise\",\"description\":\"Under Construction\",\"potentialAction\":[{\"@type\":\"SearchAction\",\"target\":{\"@type\":\"EntryPoint\",\"urlTemplate\":\"https:\/\/www.bolzonelladivise.com\/it\/?s={search_term_string}\"},\"query-input\":{\"@type\":\"PropertyValueSpecification\",\"valueRequired\":true,\"valueName\":\"search_term_string\"}}],\"inLanguage\":\"it-IT\"}]}<\/script>\n<!-- \/ Yoast SEO plugin. -->","yoast_head_json":{"title":"Pantaloni uomo con Tasche BRPEGASUSPAN | Bolzonella Divise","description":"Il pantalone BRPEGASUSPAN \u00e8 l'ideale per la quotidianit\u00e0 in ufficio: comodo e professionale, grazie alle sue grandi tasche permette la massima praticit\u00e0. Scoprilo ora!","robots":{"index":"index","follow":"follow","max-snippet":"max-snippet:-1","max-image-preview":"max-image-preview:large","max-video-preview":"max-video-preview:-1"},"canonical":"https:\/\/www.bolzonelladivise.com\/it\/collezioni\/completi-uomo\/ab-pegasuspan\/","og_locale":"it_IT","og_type":"article","og_title":"Pantaloni uomo con Tasche BRPEGASUSPAN | Bolzonella Divise","og_description":"Il pantalone BRPEGASUSPAN \u00e8 l'ideale per la quotidianit\u00e0 in ufficio: comodo e professionale, grazie alle sue grandi tasche permette la massima praticit\u00e0. Scoprilo ora!","og_url":"https:\/\/www.bolzonelladivise.com\/it\/collezioni\/completi-uomo\/ab-pegasuspan\/","og_site_name":"Bolzonella Divise","article_modified_time":"2024-07-04T12:42:25+00:00","og_image":[{"width":1300,"height":1800,"url":"https:\/\/www.bolzonelladivise.com\/wp-content\/uploads\/BRPEGASUSPAN-NE-1.jpg","type":"image\/jpeg"}],"twitter_card":"summary_large_image","twitter_misc":{"Tempo di lettura stimato":"1 minuto"},"schema":{"@context":"https:\/\/schema.org","@graph":[{"@type":"WebPage","@id":"https:\/\/www.bolzonelladivise.com\/it\/collezioni\/completi-uomo\/ab-pegasuspan\/","url":"https:\/\/www.bolzonelladivise.com\/it\/collezioni\/completi-uomo\/ab-pegasuspan\/","name":"Pantaloni uomo con Tasche BRPEGASUSPAN | Bolzonella Divise","isPartOf":{"@id":"https:\/\/www.bolzonelladivise.com\/it\/#website"},"primaryImageOfPage":{"@id":"https:\/\/www.bolzonelladivise.com\/it\/collezioni\/completi-uomo\/ab-pegasuspan\/#primaryimage"},"image":{"@id":"https:\/\/www.bolzonelladivise.com\/it\/collezioni\/completi-uomo\/ab-pegasuspan\/#primaryimage"},"thumbnailUrl":"https:\/\/www.bolzonelladivise.com\/wp-content\/uploads\/BRPEGASUSPAN-NE-1.jpg","datePublished":"2023-03-20T01:35:37+00:00","dateModified":"2024-07-04T12:42:25+00:00","description":"Il pantalone BRPEGASUSPAN \u00e8 l'ideale per la quotidianit\u00e0 in ufficio: comodo e professionale, grazie alle sue grandi tasche permette la massima praticit\u00e0. Scoprilo ora!","breadcrumb":{"@id":"https:\/\/www.bolzonelladivise.com\/it\/collezioni\/completi-uomo\/ab-pegasuspan\/#breadcrumb"},"inLanguage":"it-IT","potentialAction":[{"@type":"ReadAction","target":["https:\/\/www.bolzonelladivise.com\/it\/collezioni\/completi-uomo\/ab-pegasuspan\/"]}]},{"@type":"ImageObject","inLanguage":"it-IT","@id":"https:\/\/www.bolzonelladivise.com\/it\/collezioni\/completi-uomo\/ab-pegasuspan\/#primaryimage","url":"https:\/\/www.bolzonelladivise.com\/wp-content\/uploads\/BRPEGASUSPAN-NE-1.jpg","contentUrl":"https:\/\/www.bolzonelladivise.com\/wp-content\/uploads\/BRPEGASUSPAN-NE-1.jpg","width":1300,"height":1800,"caption":"BRPEGASUSPAN NE 1"},{"@type":"BreadcrumbList","@id":"https:\/\/www.bolzonelladivise.com\/it\/collezioni\/completi-uomo\/ab-pegasuspan\/#breadcrumb","itemListElement":[{"@type":"ListItem","position":1,"name":"Home","item":"https:\/\/www.bolzonelladivise.com\/it\/"},{"@type":"ListItem","position":2,"name":"Prodotti","item":"https:\/\/www.bolzonelladivise.com\/it\/shop\/"},{"@type":"ListItem","position":3,"name":"Pantaloni uomo con tasche"}]},{"@type":"WebSite","@id":"https:\/\/www.bolzonelladivise.com\/it\/#website","url":"https:\/\/www.bolzonelladivise.com\/it\/","name":"Bolzonella Divise","description":"Under Construction","potentialAction":[{"@type":"SearchAction","target":{"@type":"EntryPoint","urlTemplate":"https:\/\/www.bolzonelladivise.com\/it\/?s={search_term_string}"},"query-input":{"@type":"PropertyValueSpecification","valueRequired":true,"valueName":"search_term_string"}}],"inLanguage":"it-IT"}]}},"_links":{"self":[{"href":"https:\/\/www.bolzonelladivise.com\/it\/wp-json\/wp\/v2\/product\/39644","targetHints":{"allow":["GET"]}}],"collection":[{"href":"https:\/\/www.bolzonelladivise.com\/it\/wp-json\/wp\/v2\/product"}],"about":[{"href":"https:\/\/www.bolzonelladivise.com\/it\/wp-json\/wp\/v2\/types\/product"}],"version-history":[{"count":0,"href":"https:\/\/www.bolzonelladivise.com\/it\/wp-json\/wp\/v2\/product\/39644\/revisions"}],"wp:featuredmedia":[{"embeddable":true,"href":"https:\/\/www.bolzonelladivise.com\/it\/wp-json\/wp\/v2\/media\/45625"}],"wp:attachment":[{"href":"https:\/\/www.bolzonelladivise.com\/it\/wp-json\/wp\/v2\/media?parent=39644"}],"wp:term":[{"taxonomy":"product_brand","embeddable":true,"href":"https:\/\/www.bolzonelladivise.com\/it\/wp-json\/wp\/v2\/product_brand?post=39644"},{"taxonomy":"product_cat","embeddable":true,"href":"https:\/\/www.bolzonelladivise.com\/it\/wp-json\/wp\/v2\/product_cat?post=39644"},{"taxonomy":"product_tag","embeddable":true,"href":"https:\/\/www.bolzonelladivise.com\/it\/wp-json\/wp\/v2\/product_tag?post=39644"}],"curies":[{"name":"wp","href":"https:\/\/api.w.org\/{rel}","templated":true}]}}