{"id":39641,"date":"2023-03-20T02:35:36","date_gmt":"2023-03-20T01:35:36","guid":{"rendered":"https:\/\/www.bolzonelladivise.com\/prodotto\/camicia-sagomata-ab-palena\/"},"modified":"2023-10-03T09:23:06","modified_gmt":"2023-10-03T07:23:06","slug":"camicia-sagomata-ab-palena","status":"publish","type":"product","link":"https:\/\/www.bolzonelladivise.com\/it\/collezioni\/camicie-da-divisa\/ab-palena\/","title":{"rendered":"Camicia sagomata donna"},"content":{"rendered":"<p>Camicia donna a maniche lunghe, vestibilit\u00e0 slim fit. Colletto classico all&#8217;italiana, carr\u00e9 e sprone classico. Riprese che sfinano la figura, che partono dalla spalla fino in vita e da sotto il giro ascellare disegnando una curva fino sopra al punto vita. Abbottonatura con bottoni a vista, cannoncino frontale e imputure a piedino.<\/p>\n","protected":false},"excerpt":{"rendered":"<p>Camicia donna a maniche lunghe, vestibilit\u00e0 slim fit. Colletto classico all&#8217;italiana, carr\u00e9 e sprone classico. Riprese che sfinano la figura, che partono dalla spalla fino in vita e da sotto il giro ascellare disegnando una curva fino sopra al punto vita. Abbottonatura con bottoni a vista, cannoncino frontale e imputure a piedino.<\/p>\n","protected":false},"featured_media":49449,"template":"","meta":[],"product_brand":[],"product_cat":[1413,1415,1421,1437],"product_tag":[],"class_list":{"0":"post-39641","1":"product","2":"type-product","3":"status-publish","4":"has-post-thumbnail","6":"product_cat-bluse-e-camicie-da-lavoro","7":"product_cat-camicie-da-divisa","8":"product_cat-collezioni","9":"product_cat-divise-da-lavoro-per-receptionist","11":"first","12":"instock","13":"shipping-taxable","14":"purchasable","15":"product-type-variable"},"yoast_head":"<!-- This site is optimized with the Yoast SEO plugin v26.8 - https:\/\/yoast.com\/product\/yoast-seo-wordpress\/ -->\n<title>Camicia da Divisa donna sagomata BRPALENA | Bolzonella Divise<\/title>\n<meta name=\"description\" content=\"Il modello BRPALENA di Bolzonella Divise \u00e8 una camicia da divisa a maniche lunghe e vestibilit\u00e0 semi-fit. Professionalit\u00e0 ed eleganza in pi\u00f9 colori. Scopri di pi\u00f9!\" \/>\n<meta name=\"robots\" content=\"index, follow, max-snippet:-1, max-image-preview:large, max-video-preview:-1\" \/>\n<link rel=\"canonical\" href=\"https:\/\/www.bolzonelladivise.com\/it\/collezioni\/camicie-da-divisa\/ab-palena\/\" \/>\n<meta property=\"og:locale\" content=\"it_IT\" \/>\n<meta property=\"og:type\" content=\"article\" \/>\n<meta property=\"og:title\" content=\"Camicia da Divisa donna sagomata BRPALENA | Bolzonella Divise\" \/>\n<meta property=\"og:description\" content=\"Il modello BRPALENA di Bolzonella Divise \u00e8 una camicia da divisa a maniche lunghe e vestibilit\u00e0 semi-fit. Professionalit\u00e0 ed eleganza in pi\u00f9 colori. Scopri di pi\u00f9!\" \/>\n<meta property=\"og:url\" content=\"https:\/\/www.bolzonelladivise.com\/it\/collezioni\/camicie-da-divisa\/ab-palena\/\" \/>\n<meta property=\"og:site_name\" content=\"Bolzonella Divise\" \/>\n<meta property=\"article:modified_time\" content=\"2023-10-03T07:23:06+00:00\" \/>\n<meta property=\"og:image\" content=\"https:\/\/www.bolzonelladivise.com\/wp-content\/uploads\/BRPALENA-BI-2.jpg\" \/>\n\t<meta property=\"og:image:width\" content=\"1300\" \/>\n\t<meta property=\"og:image:height\" content=\"1800\" \/>\n\t<meta property=\"og:image:type\" content=\"image\/jpeg\" \/>\n<meta name=\"twitter:card\" content=\"summary_large_image\" \/>\n<meta name=\"twitter:label1\" content=\"Tempo di lettura stimato\" \/>\n\t<meta name=\"twitter:data1\" content=\"1 minuto\" \/>\n<script type=\"application\/ld+json\" class=\"yoast-schema-graph\">{\"@context\":\"https:\/\/schema.org\",\"@graph\":[{\"@type\":\"WebPage\",\"@id\":\"https:\/\/www.bolzonelladivise.com\/it\/collezioni\/camicie-da-divisa\/ab-palena\/\",\"url\":\"https:\/\/www.bolzonelladivise.com\/it\/collezioni\/camicie-da-divisa\/ab-palena\/\",\"name\":\"Camicia da Divisa donna sagomata BRPALENA | Bolzonella Divise\",\"isPartOf\":{\"@id\":\"https:\/\/www.bolzonelladivise.com\/it\/#website\"},\"primaryImageOfPage\":{\"@id\":\"https:\/\/www.bolzonelladivise.com\/it\/collezioni\/camicie-da-divisa\/ab-palena\/#primaryimage\"},\"image\":{\"@id\":\"https:\/\/www.bolzonelladivise.com\/it\/collezioni\/camicie-da-divisa\/ab-palena\/#primaryimage\"},\"thumbnailUrl\":\"https:\/\/www.bolzonelladivise.com\/wp-content\/uploads\/BRPALENA-BI-2.jpg\",\"datePublished\":\"2023-03-20T01:35:36+00:00\",\"dateModified\":\"2023-10-03T07:23:06+00:00\",\"description\":\"Il modello BRPALENA di Bolzonella Divise \u00e8 una camicia da divisa a maniche lunghe e vestibilit\u00e0 semi-fit. Professionalit\u00e0 ed eleganza in pi\u00f9 colori. Scopri di pi\u00f9!\",\"breadcrumb\":{\"@id\":\"https:\/\/www.bolzonelladivise.com\/it\/collezioni\/camicie-da-divisa\/ab-palena\/#breadcrumb\"},\"inLanguage\":\"it-IT\",\"potentialAction\":[{\"@type\":\"ReadAction\",\"target\":[\"https:\/\/www.bolzonelladivise.com\/it\/collezioni\/camicie-da-divisa\/ab-palena\/\"]}]},{\"@type\":\"ImageObject\",\"inLanguage\":\"it-IT\",\"@id\":\"https:\/\/www.bolzonelladivise.com\/it\/collezioni\/camicie-da-divisa\/ab-palena\/#primaryimage\",\"url\":\"https:\/\/www.bolzonelladivise.com\/wp-content\/uploads\/BRPALENA-BI-2.jpg\",\"contentUrl\":\"https:\/\/www.bolzonelladivise.com\/wp-content\/uploads\/BRPALENA-BI-2.jpg\",\"width\":1300,\"height\":1800,\"caption\":\"BRPALENA BI\"},{\"@type\":\"BreadcrumbList\",\"@id\":\"https:\/\/www.bolzonelladivise.com\/it\/collezioni\/camicie-da-divisa\/ab-palena\/#breadcrumb\",\"itemListElement\":[{\"@type\":\"ListItem\",\"position\":1,\"name\":\"Home\",\"item\":\"https:\/\/www.bolzonelladivise.com\/it\/\"},{\"@type\":\"ListItem\",\"position\":2,\"name\":\"Prodotti\",\"item\":\"https:\/\/www.bolzonelladivise.com\/it\/shop\/\"},{\"@type\":\"ListItem\",\"position\":3,\"name\":\"Camicia sagomata donna\"}]},{\"@type\":\"WebSite\",\"@id\":\"https:\/\/www.bolzonelladivise.com\/it\/#website\",\"url\":\"https:\/\/www.bolzonelladivise.com\/it\/\",\"name\":\"Bolzonella Divise\",\"description\":\"Under Construction\",\"potentialAction\":[{\"@type\":\"SearchAction\",\"target\":{\"@type\":\"EntryPoint\",\"urlTemplate\":\"https:\/\/www.bolzonelladivise.com\/it\/?s={search_term_string}\"},\"query-input\":{\"@type\":\"PropertyValueSpecification\",\"valueRequired\":true,\"valueName\":\"search_term_string\"}}],\"inLanguage\":\"it-IT\"}]}<\/script>\n<!-- \/ Yoast SEO plugin. -->","yoast_head_json":{"title":"Camicia da Divisa donna sagomata BRPALENA | Bolzonella Divise","description":"Il modello BRPALENA di Bolzonella Divise \u00e8 una camicia da divisa a maniche lunghe e vestibilit\u00e0 semi-fit. Professionalit\u00e0 ed eleganza in pi\u00f9 colori. Scopri di pi\u00f9!","robots":{"index":"index","follow":"follow","max-snippet":"max-snippet:-1","max-image-preview":"max-image-preview:large","max-video-preview":"max-video-preview:-1"},"canonical":"https:\/\/www.bolzonelladivise.com\/it\/collezioni\/camicie-da-divisa\/ab-palena\/","og_locale":"it_IT","og_type":"article","og_title":"Camicia da Divisa donna sagomata BRPALENA | Bolzonella Divise","og_description":"Il modello BRPALENA di Bolzonella Divise \u00e8 una camicia da divisa a maniche lunghe e vestibilit\u00e0 semi-fit. Professionalit\u00e0 ed eleganza in pi\u00f9 colori. Scopri di pi\u00f9!","og_url":"https:\/\/www.bolzonelladivise.com\/it\/collezioni\/camicie-da-divisa\/ab-palena\/","og_site_name":"Bolzonella Divise","article_modified_time":"2023-10-03T07:23:06+00:00","og_image":[{"width":1300,"height":1800,"url":"https:\/\/www.bolzonelladivise.com\/wp-content\/uploads\/BRPALENA-BI-2.jpg","type":"image\/jpeg"}],"twitter_card":"summary_large_image","twitter_misc":{"Tempo di lettura stimato":"1 minuto"},"schema":{"@context":"https:\/\/schema.org","@graph":[{"@type":"WebPage","@id":"https:\/\/www.bolzonelladivise.com\/it\/collezioni\/camicie-da-divisa\/ab-palena\/","url":"https:\/\/www.bolzonelladivise.com\/it\/collezioni\/camicie-da-divisa\/ab-palena\/","name":"Camicia da Divisa donna sagomata BRPALENA | Bolzonella Divise","isPartOf":{"@id":"https:\/\/www.bolzonelladivise.com\/it\/#website"},"primaryImageOfPage":{"@id":"https:\/\/www.bolzonelladivise.com\/it\/collezioni\/camicie-da-divisa\/ab-palena\/#primaryimage"},"image":{"@id":"https:\/\/www.bolzonelladivise.com\/it\/collezioni\/camicie-da-divisa\/ab-palena\/#primaryimage"},"thumbnailUrl":"https:\/\/www.bolzonelladivise.com\/wp-content\/uploads\/BRPALENA-BI-2.jpg","datePublished":"2023-03-20T01:35:36+00:00","dateModified":"2023-10-03T07:23:06+00:00","description":"Il modello BRPALENA di Bolzonella Divise \u00e8 una camicia da divisa a maniche lunghe e vestibilit\u00e0 semi-fit. Professionalit\u00e0 ed eleganza in pi\u00f9 colori. Scopri di pi\u00f9!","breadcrumb":{"@id":"https:\/\/www.bolzonelladivise.com\/it\/collezioni\/camicie-da-divisa\/ab-palena\/#breadcrumb"},"inLanguage":"it-IT","potentialAction":[{"@type":"ReadAction","target":["https:\/\/www.bolzonelladivise.com\/it\/collezioni\/camicie-da-divisa\/ab-palena\/"]}]},{"@type":"ImageObject","inLanguage":"it-IT","@id":"https:\/\/www.bolzonelladivise.com\/it\/collezioni\/camicie-da-divisa\/ab-palena\/#primaryimage","url":"https:\/\/www.bolzonelladivise.com\/wp-content\/uploads\/BRPALENA-BI-2.jpg","contentUrl":"https:\/\/www.bolzonelladivise.com\/wp-content\/uploads\/BRPALENA-BI-2.jpg","width":1300,"height":1800,"caption":"BRPALENA BI"},{"@type":"BreadcrumbList","@id":"https:\/\/www.bolzonelladivise.com\/it\/collezioni\/camicie-da-divisa\/ab-palena\/#breadcrumb","itemListElement":[{"@type":"ListItem","position":1,"name":"Home","item":"https:\/\/www.bolzonelladivise.com\/it\/"},{"@type":"ListItem","position":2,"name":"Prodotti","item":"https:\/\/www.bolzonelladivise.com\/it\/shop\/"},{"@type":"ListItem","position":3,"name":"Camicia sagomata donna"}]},{"@type":"WebSite","@id":"https:\/\/www.bolzonelladivise.com\/it\/#website","url":"https:\/\/www.bolzonelladivise.com\/it\/","name":"Bolzonella Divise","description":"Under Construction","potentialAction":[{"@type":"SearchAction","target":{"@type":"EntryPoint","urlTemplate":"https:\/\/www.bolzonelladivise.com\/it\/?s={search_term_string}"},"query-input":{"@type":"PropertyValueSpecification","valueRequired":true,"valueName":"search_term_string"}}],"inLanguage":"it-IT"}]}},"_links":{"self":[{"href":"https:\/\/www.bolzonelladivise.com\/it\/wp-json\/wp\/v2\/product\/39641","targetHints":{"allow":["GET"]}}],"collection":[{"href":"https:\/\/www.bolzonelladivise.com\/it\/wp-json\/wp\/v2\/product"}],"about":[{"href":"https:\/\/www.bolzonelladivise.com\/it\/wp-json\/wp\/v2\/types\/product"}],"version-history":[{"count":0,"href":"https:\/\/www.bolzonelladivise.com\/it\/wp-json\/wp\/v2\/product\/39641\/revisions"}],"wp:featuredmedia":[{"embeddable":true,"href":"https:\/\/www.bolzonelladivise.com\/it\/wp-json\/wp\/v2\/media\/49449"}],"wp:attachment":[{"href":"https:\/\/www.bolzonelladivise.com\/it\/wp-json\/wp\/v2\/media?parent=39641"}],"wp:term":[{"taxonomy":"product_brand","embeddable":true,"href":"https:\/\/www.bolzonelladivise.com\/it\/wp-json\/wp\/v2\/product_brand?post=39641"},{"taxonomy":"product_cat","embeddable":true,"href":"https:\/\/www.bolzonelladivise.com\/it\/wp-json\/wp\/v2\/product_cat?post=39641"},{"taxonomy":"product_tag","embeddable":true,"href":"https:\/\/www.bolzonelladivise.com\/it\/wp-json\/wp\/v2\/product_tag?post=39641"}],"curies":[{"name":"wp","href":"https:\/\/api.w.org\/{rel}","templated":true}]}}