{"id":39579,"date":"2023-03-20T02:35:20","date_gmt":"2023-03-20T01:35:20","guid":{"rendered":"https:\/\/www.bolzonelladivise.com\/prodotto\/giacca-donna-sfiancata-ab-calvi\/"},"modified":"2024-07-24T09:33:30","modified_gmt":"2024-07-24T07:33:30","slug":"giacca-donna-sfiancata-ab-calvi","status":"publish","type":"product","link":"https:\/\/www.bolzonelladivise.com\/it\/divise-da-lavoro-eleganti-per-hostess-e-steward\/abcalvi\/","title":{"rendered":"Giacca donna sfiancata"},"content":{"rendered":"<p>Giacca donna strutturata dal taglio corto, vestibilit\u00e0 slim fit. Fodera in raso a contrasto impunturata a mano. Scollo con rever sottili. Spacco centrale. Due tasche in vita a doppio filetto. Un taschino interno con doppio filetto in raso chiuso con asola e bottoncino a vista. Abbottonatura con due bottoni.<\/p>\n","protected":false},"excerpt":{"rendered":"<p>Giacca donna strutturata dal taglio corto, vestibilit\u00e0 slim fit. Fodera in raso a contrasto impunturata a mano. Scollo con rever sottili. Spacco centrale. Due tasche in vita a doppio filetto. Un taschino interno con doppio filetto in raso chiuso con asola e bottoncino a vista. Abbottonatura con due bottoni.<\/p>\n","protected":false},"featured_media":44933,"template":"","meta":[],"product_brand":[],"product_cat":[1442,1466,1421,1437,1439,1435,1422],"product_tag":[],"class_list":{"0":"post-39579","1":"product","2":"type-product","3":"status-publish","4":"has-post-thumbnail","6":"product_cat-divise-per-front-office","7":"product_cat-uniformi-per-corpi-musicali","8":"product_cat-collezioni","9":"product_cat-divise-da-lavoro-per-receptionist","10":"product_cat-divise-per-hotel","11":"product_cat-divise-da-lavoro-eleganti-per-hostess-e-steward","12":"product_cat-completi-donna","14":"first","15":"instock","16":"shipping-taxable","17":"purchasable","18":"product-type-variable"},"yoast_head":"<!-- This site is optimized with the Yoast SEO plugin v26.8 - https:\/\/yoast.com\/product\/yoast-seo-wordpress\/ -->\n<title>Giacca da donna sfiancata 2 bottoni BRCALVI | Bolzonella Divise<\/title>\n<meta name=\"description\" content=\"Professionalit\u00e0, seriet\u00e0 ed eleganza: sono queste le parole chiave della giacca BRCALVI, dal taglio corto e la vestibilit\u00e0 slim fit. Scoprila ora in ogni dettaglio!\" \/>\n<meta name=\"robots\" content=\"index, follow, max-snippet:-1, max-image-preview:large, max-video-preview:-1\" \/>\n<link rel=\"canonical\" href=\"https:\/\/www.bolzonelladivise.com\/it\/divise-da-lavoro-eleganti-per-hostess-e-steward\/abcalvi\/\" \/>\n<meta property=\"og:locale\" content=\"it_IT\" \/>\n<meta property=\"og:type\" content=\"article\" \/>\n<meta property=\"og:title\" content=\"Giacca da donna sfiancata 2 bottoni BRCALVI | Bolzonella Divise\" \/>\n<meta property=\"og:description\" content=\"Professionalit\u00e0, seriet\u00e0 ed eleganza: sono queste le parole chiave della giacca BRCALVI, dal taglio corto e la vestibilit\u00e0 slim fit. Scoprila ora in ogni dettaglio!\" \/>\n<meta property=\"og:url\" content=\"https:\/\/www.bolzonelladivise.com\/it\/divise-da-lavoro-eleganti-per-hostess-e-steward\/abcalvi\/\" \/>\n<meta property=\"og:site_name\" content=\"Bolzonella Divise\" \/>\n<meta property=\"article:modified_time\" content=\"2024-07-24T07:33:30+00:00\" \/>\n<meta property=\"og:image\" content=\"https:\/\/www.bolzonelladivise.com\/wp-content\/uploads\/BRCALVI-NE-1-3.jpg\" \/>\n\t<meta property=\"og:image:width\" content=\"1300\" \/>\n\t<meta property=\"og:image:height\" content=\"1800\" \/>\n\t<meta property=\"og:image:type\" content=\"image\/jpeg\" \/>\n<meta name=\"twitter:card\" content=\"summary_large_image\" \/>\n<meta name=\"twitter:label1\" content=\"Tempo di lettura stimato\" \/>\n\t<meta name=\"twitter:data1\" content=\"1 minuto\" \/>\n<script type=\"application\/ld+json\" class=\"yoast-schema-graph\">{\"@context\":\"https:\/\/schema.org\",\"@graph\":[{\"@type\":\"WebPage\",\"@id\":\"https:\/\/www.bolzonelladivise.com\/it\/divise-da-lavoro-eleganti-per-hostess-e-steward\/abcalvi\/\",\"url\":\"https:\/\/www.bolzonelladivise.com\/it\/divise-da-lavoro-eleganti-per-hostess-e-steward\/abcalvi\/\",\"name\":\"Giacca da donna sfiancata 2 bottoni BRCALVI | Bolzonella Divise\",\"isPartOf\":{\"@id\":\"https:\/\/www.bolzonelladivise.com\/it\/#website\"},\"primaryImageOfPage\":{\"@id\":\"https:\/\/www.bolzonelladivise.com\/it\/divise-da-lavoro-eleganti-per-hostess-e-steward\/abcalvi\/#primaryimage\"},\"image\":{\"@id\":\"https:\/\/www.bolzonelladivise.com\/it\/divise-da-lavoro-eleganti-per-hostess-e-steward\/abcalvi\/#primaryimage\"},\"thumbnailUrl\":\"https:\/\/www.bolzonelladivise.com\/wp-content\/uploads\/BRCALVI-NE-1-3.jpg\",\"datePublished\":\"2023-03-20T01:35:20+00:00\",\"dateModified\":\"2024-07-24T07:33:30+00:00\",\"description\":\"Professionalit\u00e0, seriet\u00e0 ed eleganza: sono queste le parole chiave della giacca BRCALVI, dal taglio corto e la vestibilit\u00e0 slim fit. Scoprila ora in ogni dettaglio!\",\"breadcrumb\":{\"@id\":\"https:\/\/www.bolzonelladivise.com\/it\/divise-da-lavoro-eleganti-per-hostess-e-steward\/abcalvi\/#breadcrumb\"},\"inLanguage\":\"it-IT\",\"potentialAction\":[{\"@type\":\"ReadAction\",\"target\":[\"https:\/\/www.bolzonelladivise.com\/it\/divise-da-lavoro-eleganti-per-hostess-e-steward\/abcalvi\/\"]}]},{\"@type\":\"ImageObject\",\"inLanguage\":\"it-IT\",\"@id\":\"https:\/\/www.bolzonelladivise.com\/it\/divise-da-lavoro-eleganti-per-hostess-e-steward\/abcalvi\/#primaryimage\",\"url\":\"https:\/\/www.bolzonelladivise.com\/wp-content\/uploads\/BRCALVI-NE-1-3.jpg\",\"contentUrl\":\"https:\/\/www.bolzonelladivise.com\/wp-content\/uploads\/BRCALVI-NE-1-3.jpg\",\"width\":1300,\"height\":1800,\"caption\":\"BRCALVI NE 1 3\"},{\"@type\":\"BreadcrumbList\",\"@id\":\"https:\/\/www.bolzonelladivise.com\/it\/divise-da-lavoro-eleganti-per-hostess-e-steward\/abcalvi\/#breadcrumb\",\"itemListElement\":[{\"@type\":\"ListItem\",\"position\":1,\"name\":\"Home\",\"item\":\"https:\/\/www.bolzonelladivise.com\/it\/\"},{\"@type\":\"ListItem\",\"position\":2,\"name\":\"Prodotti\",\"item\":\"https:\/\/www.bolzonelladivise.com\/it\/shop\/\"},{\"@type\":\"ListItem\",\"position\":3,\"name\":\"Giacca donna sfiancata\"}]},{\"@type\":\"WebSite\",\"@id\":\"https:\/\/www.bolzonelladivise.com\/it\/#website\",\"url\":\"https:\/\/www.bolzonelladivise.com\/it\/\",\"name\":\"Bolzonella Divise\",\"description\":\"Under Construction\",\"potentialAction\":[{\"@type\":\"SearchAction\",\"target\":{\"@type\":\"EntryPoint\",\"urlTemplate\":\"https:\/\/www.bolzonelladivise.com\/it\/?s={search_term_string}\"},\"query-input\":{\"@type\":\"PropertyValueSpecification\",\"valueRequired\":true,\"valueName\":\"search_term_string\"}}],\"inLanguage\":\"it-IT\"}]}<\/script>\n<!-- \/ Yoast SEO plugin. -->","yoast_head_json":{"title":"Giacca da donna sfiancata 2 bottoni BRCALVI | Bolzonella Divise","description":"Professionalit\u00e0, seriet\u00e0 ed eleganza: sono queste le parole chiave della giacca BRCALVI, dal taglio corto e la vestibilit\u00e0 slim fit. Scoprila ora in ogni dettaglio!","robots":{"index":"index","follow":"follow","max-snippet":"max-snippet:-1","max-image-preview":"max-image-preview:large","max-video-preview":"max-video-preview:-1"},"canonical":"https:\/\/www.bolzonelladivise.com\/it\/divise-da-lavoro-eleganti-per-hostess-e-steward\/abcalvi\/","og_locale":"it_IT","og_type":"article","og_title":"Giacca da donna sfiancata 2 bottoni BRCALVI | Bolzonella Divise","og_description":"Professionalit\u00e0, seriet\u00e0 ed eleganza: sono queste le parole chiave della giacca BRCALVI, dal taglio corto e la vestibilit\u00e0 slim fit. Scoprila ora in ogni dettaglio!","og_url":"https:\/\/www.bolzonelladivise.com\/it\/divise-da-lavoro-eleganti-per-hostess-e-steward\/abcalvi\/","og_site_name":"Bolzonella Divise","article_modified_time":"2024-07-24T07:33:30+00:00","og_image":[{"width":1300,"height":1800,"url":"https:\/\/www.bolzonelladivise.com\/wp-content\/uploads\/BRCALVI-NE-1-3.jpg","type":"image\/jpeg"}],"twitter_card":"summary_large_image","twitter_misc":{"Tempo di lettura stimato":"1 minuto"},"schema":{"@context":"https:\/\/schema.org","@graph":[{"@type":"WebPage","@id":"https:\/\/www.bolzonelladivise.com\/it\/divise-da-lavoro-eleganti-per-hostess-e-steward\/abcalvi\/","url":"https:\/\/www.bolzonelladivise.com\/it\/divise-da-lavoro-eleganti-per-hostess-e-steward\/abcalvi\/","name":"Giacca da donna sfiancata 2 bottoni BRCALVI | Bolzonella Divise","isPartOf":{"@id":"https:\/\/www.bolzonelladivise.com\/it\/#website"},"primaryImageOfPage":{"@id":"https:\/\/www.bolzonelladivise.com\/it\/divise-da-lavoro-eleganti-per-hostess-e-steward\/abcalvi\/#primaryimage"},"image":{"@id":"https:\/\/www.bolzonelladivise.com\/it\/divise-da-lavoro-eleganti-per-hostess-e-steward\/abcalvi\/#primaryimage"},"thumbnailUrl":"https:\/\/www.bolzonelladivise.com\/wp-content\/uploads\/BRCALVI-NE-1-3.jpg","datePublished":"2023-03-20T01:35:20+00:00","dateModified":"2024-07-24T07:33:30+00:00","description":"Professionalit\u00e0, seriet\u00e0 ed eleganza: sono queste le parole chiave della giacca BRCALVI, dal taglio corto e la vestibilit\u00e0 slim fit. Scoprila ora in ogni dettaglio!","breadcrumb":{"@id":"https:\/\/www.bolzonelladivise.com\/it\/divise-da-lavoro-eleganti-per-hostess-e-steward\/abcalvi\/#breadcrumb"},"inLanguage":"it-IT","potentialAction":[{"@type":"ReadAction","target":["https:\/\/www.bolzonelladivise.com\/it\/divise-da-lavoro-eleganti-per-hostess-e-steward\/abcalvi\/"]}]},{"@type":"ImageObject","inLanguage":"it-IT","@id":"https:\/\/www.bolzonelladivise.com\/it\/divise-da-lavoro-eleganti-per-hostess-e-steward\/abcalvi\/#primaryimage","url":"https:\/\/www.bolzonelladivise.com\/wp-content\/uploads\/BRCALVI-NE-1-3.jpg","contentUrl":"https:\/\/www.bolzonelladivise.com\/wp-content\/uploads\/BRCALVI-NE-1-3.jpg","width":1300,"height":1800,"caption":"BRCALVI NE 1 3"},{"@type":"BreadcrumbList","@id":"https:\/\/www.bolzonelladivise.com\/it\/divise-da-lavoro-eleganti-per-hostess-e-steward\/abcalvi\/#breadcrumb","itemListElement":[{"@type":"ListItem","position":1,"name":"Home","item":"https:\/\/www.bolzonelladivise.com\/it\/"},{"@type":"ListItem","position":2,"name":"Prodotti","item":"https:\/\/www.bolzonelladivise.com\/it\/shop\/"},{"@type":"ListItem","position":3,"name":"Giacca donna sfiancata"}]},{"@type":"WebSite","@id":"https:\/\/www.bolzonelladivise.com\/it\/#website","url":"https:\/\/www.bolzonelladivise.com\/it\/","name":"Bolzonella Divise","description":"Under Construction","potentialAction":[{"@type":"SearchAction","target":{"@type":"EntryPoint","urlTemplate":"https:\/\/www.bolzonelladivise.com\/it\/?s={search_term_string}"},"query-input":{"@type":"PropertyValueSpecification","valueRequired":true,"valueName":"search_term_string"}}],"inLanguage":"it-IT"}]}},"_links":{"self":[{"href":"https:\/\/www.bolzonelladivise.com\/it\/wp-json\/wp\/v2\/product\/39579","targetHints":{"allow":["GET"]}}],"collection":[{"href":"https:\/\/www.bolzonelladivise.com\/it\/wp-json\/wp\/v2\/product"}],"about":[{"href":"https:\/\/www.bolzonelladivise.com\/it\/wp-json\/wp\/v2\/types\/product"}],"version-history":[{"count":0,"href":"https:\/\/www.bolzonelladivise.com\/it\/wp-json\/wp\/v2\/product\/39579\/revisions"}],"wp:featuredmedia":[{"embeddable":true,"href":"https:\/\/www.bolzonelladivise.com\/it\/wp-json\/wp\/v2\/media\/44933"}],"wp:attachment":[{"href":"https:\/\/www.bolzonelladivise.com\/it\/wp-json\/wp\/v2\/media?parent=39579"}],"wp:term":[{"taxonomy":"product_brand","embeddable":true,"href":"https:\/\/www.bolzonelladivise.com\/it\/wp-json\/wp\/v2\/product_brand?post=39579"},{"taxonomy":"product_cat","embeddable":true,"href":"https:\/\/www.bolzonelladivise.com\/it\/wp-json\/wp\/v2\/product_cat?post=39579"},{"taxonomy":"product_tag","embeddable":true,"href":"https:\/\/www.bolzonelladivise.com\/it\/wp-json\/wp\/v2\/product_tag?post=39579"}],"curies":[{"name":"wp","href":"https:\/\/api.w.org\/{rel}","templated":true}]}}