{"id":7377,"date":"2019-04-12T08:20:09","date_gmt":"2019-04-12T08:20:09","guid":{"rendered":"https:\/\/www.bolzonelladivise.com?page_id=7377"},"modified":"2023-09-05T11:11:26","modified_gmt":"2023-09-05T09:11:26","slug":"divise-plus-size2","status":"publish","type":"page","link":"https:\/\/www.bolzonelladivise.com\/it\/divise-plus-size2\/","title":{"rendered":"Divise Plus Size"},"content":{"rendered":"\t\t<div data-elementor-type=\"wp-post\" data-elementor-id=\"7377\" class=\"elementor elementor-7377\" data-elementor-post-type=\"page\">\n\t\t\t\t\t\t<main class=\"elementor-section elementor-top-section elementor-element elementor-element-8e0e518 elementor-section-full_width elementor-section-height-default elementor-section-height-default\" data-id=\"8e0e518\" data-element_type=\"section\">\n\t\t\t\t\t\t<div class=\"elementor-container elementor-column-gap-default\">\n\t\t\t\t\t<div class=\"elementor-column elementor-col-100 elementor-top-column elementor-element elementor-element-26d1dff\" data-id=\"26d1dff\" data-element_type=\"column\">\n\t\t\t<div class=\"elementor-widget-wrap elementor-element-populated\">\n\t\t\t\t\t\t<div class=\"elementor-element elementor-element-d5935af elementor-widget elementor-widget-heading\" data-id=\"d5935af\" data-element_type=\"widget\" data-widget_type=\"heading.default\">\n\t\t\t\t<div class=\"elementor-widget-container\">\n\t\t\t\t\t<h1 class=\"elementor-heading-title elementor-size-default\">Divise eleganti per taglie comode<\/h1>\t\t\t\t<\/div>\n\t\t\t\t<\/div>\n\t\t\t\t\t<\/div>\n\t\t<\/div>\n\t\t\t\t\t<\/div>\n\t\t<\/main>\n\t\t\t\t<section class=\"elementor-section elementor-top-section elementor-element elementor-element-2fadaf6 elementor-section-boxed elementor-section-height-default elementor-section-height-default\" data-id=\"2fadaf6\" data-element_type=\"section\">\n\t\t\t\t\t\t<div class=\"elementor-container elementor-column-gap-no\">\n\t\t\t\t\t<div class=\"elementor-column elementor-col-100 elementor-top-column elementor-element elementor-element-0fecf3a\" data-id=\"0fecf3a\" data-element_type=\"column\">\n\t\t\t<div class=\"elementor-widget-wrap elementor-element-populated\">\n\t\t\t\t\t\t<section class=\"elementor-section elementor-inner-section elementor-element elementor-element-724d90e elementor-section-full_width elementor-section-content-middle elementor-section-height-default elementor-section-height-default\" data-id=\"724d90e\" data-element_type=\"section\">\n\t\t\t\t\t\t<div class=\"elementor-container elementor-column-gap-default\">\n\t\t\t\t\t<div class=\"elementor-column elementor-col-100 elementor-inner-column elementor-element elementor-element-48a3ea4\" data-id=\"48a3ea4\" data-element_type=\"column\">\n\t\t\t<div class=\"elementor-widget-wrap elementor-element-populated\">\n\t\t\t\t\t\t<div class=\"elementor-element elementor-element-93cb794 elementor-widget elementor-widget-text-editor\" data-id=\"93cb794\" data-element_type=\"widget\" data-widget_type=\"text-editor.default\">\n\t\t\t\t<div class=\"elementor-widget-container\">\n\t\t\t\t\t\t\t\t\t<p><img decoding=\"async\" class=\"alignright\" src=\"https:\/\/www.bolzonelladivise.com\/wp-content\/uploads\/plus-size.jpg\" alt=\"\" width=\"30%\" height=\"auto\" \/><\/p><h2 style=\"text-align: center;\">Big&amp;Tall: le taglie conformate e fuori standard<\/h2><p>Non sempre \u00e8 possibile ricondurre le diverse corporature e fisicit\u00e0 alle taglie standard. Ogni individuo ha una corporatura diversa, che richiede quindi una specifica vestibilit\u00e0.<br \/>Le persone alte hanno necessit\u00e0 di abiti con con maggiore lunghezza, senza che questo influisca sulla taglia che indossano, mentre d&#8217;altro canto ci sono persone che vestono taglie molto grandi, che spesso non sono previste nei capi standard. In questi casi si parla di taglie extra large, taglie forti o comode.<\/p><h3>Perch\u00e9 le divise plus size<\/h3><p style=\"text-align: left;\">Se vuoi puntare su un\u2019immagine aziendale chiara e definita e vuoi vestire tutti i tuoi dipendenti allo stesso modo devi tener conto che potresti aver bisogno di taglie fuori standard. Per noi \u00e8 importante sostenere ed esaltare i valori che la tua azienda vuole trasmettere. Per questo abbiamo messo a tua disposizione una selezione di modelli che possano vestire un arco taglie molto ampio mantenendo coerente l&#8217;immagine della tua divisa, vestendo anche\u00a0le taglie 3XL, 4XL, 5XL fino alla 6XL.<\/p><h3>La nostra collezione scelta per te<\/h3><p>Le nostre collezioni vestono ampi archi taglia, arrivando ad includere anche taglie calibrate o conformate.<br \/>Gli abiti con taglie comode per uomo possono vestire fino alla 70 italiana, che corrisponde a una 6XL. Gli abiti con modelli curvy che vestono taglie extra large per donna possono vestire fino alla 68 italiana, che corrisponde a una 6XL.<\/p>\t\t\t\t\t\t\t\t<\/div>\n\t\t\t\t<\/div>\n\t\t\t\t\t<\/div>\n\t\t<\/div>\n\t\t\t\t\t<\/div>\n\t\t<\/section>\n\t\t\t\t<section class=\"elementor-section elementor-inner-section elementor-element elementor-element-d185189 elementor-section-content-middle elementor-section-boxed elementor-section-height-default elementor-section-height-default\" data-id=\"d185189\" data-element_type=\"section\">\n\t\t\t\t\t\t<div class=\"elementor-container elementor-column-gap-default\">\n\t\t\t\t\t<div class=\"elementor-column elementor-col-33 elementor-inner-column elementor-element elementor-element-686a366\" data-id=\"686a366\" data-element_type=\"column\">\n\t\t\t<div class=\"elementor-widget-wrap elementor-element-populated\">\n\t\t\t\t\t\t<div class=\"elementor-element elementor-element-fb2e381 elementor-widget elementor-widget-image\" data-id=\"fb2e381\" data-element_type=\"widget\" data-widget_type=\"image.default\">\n\t\t\t\t<div class=\"elementor-widget-container\">\n\t\t\t\t\t\t\t\t\t\t\t\t\t\t\t<img fetchpriority=\"high\" decoding=\"async\" width=\"600\" height=\"539\" src=\"https:\/\/www.bolzonelladivise.com\/wp-content\/uploads\/Divise-su-misura.jpg\" class=\"attachment-large size-large wp-image-7656\" alt=\"\" srcset=\"https:\/\/www.bolzonelladivise.com\/wp-content\/uploads\/Divise-su-misura.jpg 600w, https:\/\/www.bolzonelladivise.com\/wp-content\/uploads\/Divise-su-misura-150x135.jpg 150w, https:\/\/www.bolzonelladivise.com\/wp-content\/uploads\/Divise-su-misura-300x270.jpg 300w\" sizes=\"(max-width: 600px) 100vw, 600px\" \/>\t\t\t\t\t\t\t\t\t\t\t\t\t\t\t<\/div>\n\t\t\t\t<\/div>\n\t\t\t\t\t<\/div>\n\t\t<\/div>\n\t\t\t\t<div class=\"elementor-column elementor-col-66 elementor-inner-column elementor-element elementor-element-f658109\" data-id=\"f658109\" data-element_type=\"column\">\n\t\t\t<div class=\"elementor-widget-wrap elementor-element-populated\">\n\t\t\t\t\t\t<div class=\"elementor-element elementor-element-950fd61 elementor-widget elementor-widget-text-editor\" data-id=\"950fd61\" data-element_type=\"widget\" data-widget_type=\"text-editor.default\">\n\t\t\t\t<div class=\"elementor-widget-container\">\n\t\t\t\t\t\t\t\t\t<h2>Guida alla vestibilit\u00e0<\/h2>\n<p>Nella scelta delle divise ti guideremo valutando il modello pi\u00f9 adatto ai tuoi dipendenti e alle tue esigenze. Ciascuna delle nostre linee offre diversi tipi di vestibilit\u00e0, cos\u00ec da vestire tutte le taglie in modo omogeneo in termini di tessuto e colore.<\/p>\n<p>E se il nostro ampio arco taglie non soddisfa le esigenze di tutto il tuo personale, \u00e8 possibile realizzare anche capi su misura, nel caso dei completi o acquistare direttamente il tessuto nel caso delle camicie.<\/p>\n<h4>Short, Regular e Long<\/h4>\n<p>Nella nostra selezione \u00e8 possibile scegliere divise che si adattano a diverse lunghezze, per poter vestire con lo stesso piacevole risultato persone particolarmente alte o particolarmente basse.<\/p>\t\t\t\t\t\t\t\t<\/div>\n\t\t\t\t<\/div>\n\t\t\t\t\t<\/div>\n\t\t<\/div>\n\t\t\t\t\t<\/div>\n\t\t<\/section>\n\t\t\t\t<section class=\"elementor-section elementor-inner-section elementor-element elementor-element-ecaba75 elementor-section-content-middle elementor-section-boxed elementor-section-height-default elementor-section-height-default\" data-id=\"ecaba75\" data-element_type=\"section\">\n\t\t\t\t\t\t<div class=\"elementor-container elementor-column-gap-default\">\n\t\t\t\t\t<div class=\"elementor-column elementor-col-66 elementor-inner-column elementor-element elementor-element-a020cfe\" data-id=\"a020cfe\" data-element_type=\"column\">\n\t\t\t<div class=\"elementor-widget-wrap elementor-element-populated\">\n\t\t\t\t\t\t<div class=\"elementor-element elementor-element-55fae1e elementor-widget elementor-widget-text-editor\" data-id=\"55fae1e\" data-element_type=\"widget\" data-widget_type=\"text-editor.default\">\n\t\t\t\t<div class=\"elementor-widget-container\">\n\t\t\t\t\t\t\t\t\t<h4>Slim fit, Regular fit, Comfort fit<\/h4><p>Per adattarsi ad ogni tipo di fisicit\u00e0 abbiamo la possibilit\u00e0 di scegliere tra diversi tipi di vestibilit\u00e0:<\/p><p><em><strong>Slim Fit<\/strong><\/em> &#8211;\u00a0La vestibilit\u00e0 Slim Fit \u00e8 aderente, e ha un taglio sciancrato per seguire le forme del corpo. I modelli attillati sono ideali per esaltare una fisicit\u00e0 asciutta, e donano un aspetto molto moderno;<\/p><p><em><strong>Regular Fit<\/strong><\/em> &#8211;\u00a0La vestibilit\u00e0 Regular ha un taglio poco attillato rispetto a quella Slim Fit, ma comunque moderno. I modelli Regular vestono in figura senza risultare troppo aderenti, adattandosi a quasi tutti i tipi di fisicit\u00e0;<\/p><p><em><strong>Comfort Fit<\/strong><\/em> &#8211;\u00a0La vestibilit\u00e0 Comfort ha un taglio comodo, che si mantiene morbido intorno alle forme del corpo senza fasciarlo. Si tratta di modelli dallo stile classico ed elegante.<\/p>\t\t\t\t\t\t\t\t<\/div>\n\t\t\t\t<\/div>\n\t\t\t\t\t<\/div>\n\t\t<\/div>\n\t\t\t\t<div class=\"elementor-column elementor-col-33 elementor-inner-column elementor-element elementor-element-009c7e9\" data-id=\"009c7e9\" data-element_type=\"column\">\n\t\t\t<div class=\"elementor-widget-wrap elementor-element-populated\">\n\t\t\t\t\t\t<div class=\"elementor-element elementor-element-7724ac4 elementor-widget elementor-widget-image\" data-id=\"7724ac4\" data-element_type=\"widget\" data-widget_type=\"image.default\">\n\t\t\t\t<div class=\"elementor-widget-container\">\n\t\t\t\t\t\t\t\t\t\t\t\t\t\t\t<img decoding=\"async\" width=\"497\" height=\"757\" src=\"https:\/\/www.bolzonelladivise.com\/wp-content\/uploads\/Slim-Regular-Comfort.jpg\" class=\"attachment-large size-large wp-image-7627\" alt=\"\" srcset=\"https:\/\/www.bolzonelladivise.com\/wp-content\/uploads\/Slim-Regular-Comfort.jpg 497w, https:\/\/www.bolzonelladivise.com\/wp-content\/uploads\/Slim-Regular-Comfort-98x150.jpg 98w, https:\/\/www.bolzonelladivise.com\/wp-content\/uploads\/Slim-Regular-Comfort-197x300.jpg 197w\" sizes=\"(max-width: 497px) 100vw, 497px\" \/>\t\t\t\t\t\t\t\t\t\t\t\t\t\t\t<\/div>\n\t\t\t\t<\/div>\n\t\t\t\t\t<\/div>\n\t\t<\/div>\n\t\t\t\t\t<\/div>\n\t\t<\/section>\n\t\t\t\t<div class=\"elementor-element elementor-element-decda13 elementor-widget elementor-widget-text-editor\" data-id=\"decda13\" data-element_type=\"widget\" data-widget_type=\"text-editor.default\">\n\t\t\t\t<div class=\"elementor-widget-container\">\n\t\t\t\t\t\t\t\t\t<h2>Compila il modulo sottostante e chiedi un&#8217;offerta per una linea di <strong>divise eleganti con taglie Plus Size<\/strong><\/h2>\n<div data-id=\"58ed414\" data-element_type=\"widget\" data-widget_type=\"text-editor.default\">\n<div>\n<div>\n<p><span style=\"font-size: 14pt;\">Ti ricordiamo che seguiamo solo realt\u00e0 che vestono almeno 20 persone.<\/span><\/p>\n<\/div>\n<\/div>\n<\/div>\t\t\t\t\t\t\t\t<\/div>\n\t\t\t\t<\/div>\n\t\t\t\t\t<\/div>\n\t\t<\/div>\n\t\t\t\t\t<\/div>\n\t\t<\/section>\n\t\t\t\t<\/div>\n\t\t","protected":false},"excerpt":{"rendered":"<p>Divise eleganti per taglie comode Big&amp;Tall: le taglie conformate e fuori standard Non sempre \u00e8 possibile ricondurre le diverse corporature e fisicit\u00e0 alle taglie standard. Ogni individuo ha una corporatura diversa, che richiede quindi una specifica vestibilit\u00e0.Le persone alte hanno necessit\u00e0 di abiti con con maggiore lunghezza, senza che questo influisca sulla taglia che indossano, [&hellip;]<\/p>\n","protected":false},"author":1,"featured_media":0,"parent":0,"menu_order":0,"comment_status":"closed","ping_status":"closed","template":"","meta":{"footnotes":""},"class_list":["post-7377","page","type-page","status-publish","hentry"],"yoast_head":"<!-- This site is optimized with the Yoast SEO plugin v26.8 - https:\/\/yoast.com\/product\/yoast-seo-wordpress\/ -->\n<title>Divise da Lavoro Eleganti per Taglie Comode | Bolzonella Divise<\/title>\n<meta name=\"description\" content=\"Abiti aziendali eleganti con taglie comode e fuori standard per uomo e donna. Scopri di pi\u00f9 sulle divise plus size, clicca qui!\" \/>\n<meta name=\"robots\" content=\"index, follow, max-snippet:-1, max-image-preview:large, max-video-preview:-1\" \/>\n<link rel=\"canonical\" href=\"https:\/\/www.bolzonelladivise.com\/it\/divise-plus-size2\/\" \/>\n<meta property=\"og:locale\" content=\"it_IT\" \/>\n<meta property=\"og:type\" content=\"article\" \/>\n<meta property=\"og:title\" content=\"Divise da Lavoro Eleganti per Taglie Comode | Bolzonella Divise\" \/>\n<meta property=\"og:description\" content=\"Abiti aziendali eleganti con taglie comode e fuori standard per uomo e donna. Scopri di pi\u00f9 sulle divise plus size, clicca qui!\" \/>\n<meta property=\"og:url\" content=\"https:\/\/www.bolzonelladivise.com\/it\/divise-plus-size2\/\" \/>\n<meta property=\"og:site_name\" content=\"Bolzonella Divise\" \/>\n<meta property=\"article:modified_time\" content=\"2023-09-05T09:11:26+00:00\" \/>\n<meta property=\"og:image\" content=\"https:\/\/www.bolzonelladivise.com\/wp-content\/uploads\/plus-size.jpg\" \/>\n<meta name=\"twitter:card\" content=\"summary_large_image\" \/>\n<meta name=\"twitter:label1\" content=\"Tempo di lettura stimato\" \/>\n\t<meta name=\"twitter:data1\" content=\"4 minuti\" \/>\n<script type=\"application\/ld+json\" class=\"yoast-schema-graph\">{\"@context\":\"https:\/\/schema.org\",\"@graph\":[{\"@type\":\"WebPage\",\"@id\":\"https:\/\/www.bolzonelladivise.com\/it\/divise-plus-size2\/\",\"url\":\"https:\/\/www.bolzonelladivise.com\/it\/divise-plus-size2\/\",\"name\":\"Divise da Lavoro Eleganti per Taglie Comode | Bolzonella Divise\",\"isPartOf\":{\"@id\":\"https:\/\/www.bolzonelladivise.com\/it\/#website\"},\"primaryImageOfPage\":{\"@id\":\"https:\/\/www.bolzonelladivise.com\/it\/divise-plus-size2\/#primaryimage\"},\"image\":{\"@id\":\"https:\/\/www.bolzonelladivise.com\/it\/divise-plus-size2\/#primaryimage\"},\"thumbnailUrl\":\"https:\/\/www.bolzonelladivise.com\/wp-content\/uploads\/plus-size.jpg\",\"datePublished\":\"2019-04-12T08:20:09+00:00\",\"dateModified\":\"2023-09-05T09:11:26+00:00\",\"description\":\"Abiti aziendali eleganti con taglie comode e fuori standard per uomo e donna. Scopri di pi\u00f9 sulle divise plus size, clicca qui!\",\"breadcrumb\":{\"@id\":\"https:\/\/www.bolzonelladivise.com\/it\/divise-plus-size2\/#breadcrumb\"},\"inLanguage\":\"it-IT\",\"potentialAction\":[{\"@type\":\"ReadAction\",\"target\":[\"https:\/\/www.bolzonelladivise.com\/it\/divise-plus-size2\/\"]}]},{\"@type\":\"ImageObject\",\"inLanguage\":\"it-IT\",\"@id\":\"https:\/\/www.bolzonelladivise.com\/it\/divise-plus-size2\/#primaryimage\",\"url\":\"https:\/\/www.bolzonelladivise.com\/wp-content\/uploads\/plus-size.jpg\",\"contentUrl\":\"https:\/\/www.bolzonelladivise.com\/wp-content\/uploads\/plus-size.jpg\"},{\"@type\":\"BreadcrumbList\",\"@id\":\"https:\/\/www.bolzonelladivise.com\/it\/divise-plus-size2\/#breadcrumb\",\"itemListElement\":[{\"@type\":\"ListItem\",\"position\":1,\"name\":\"Home\",\"item\":\"https:\/\/www.bolzonelladivise.com\/it\/\"},{\"@type\":\"ListItem\",\"position\":2,\"name\":\"Divise Plus Size\"}]},{\"@type\":\"WebSite\",\"@id\":\"https:\/\/www.bolzonelladivise.com\/it\/#website\",\"url\":\"https:\/\/www.bolzonelladivise.com\/it\/\",\"name\":\"Bolzonella Divise\",\"description\":\"Under Construction\",\"potentialAction\":[{\"@type\":\"SearchAction\",\"target\":{\"@type\":\"EntryPoint\",\"urlTemplate\":\"https:\/\/www.bolzonelladivise.com\/it\/?s={search_term_string}\"},\"query-input\":{\"@type\":\"PropertyValueSpecification\",\"valueRequired\":true,\"valueName\":\"search_term_string\"}}],\"inLanguage\":\"it-IT\"}]}<\/script>\n<!-- \/ Yoast SEO plugin. -->","yoast_head_json":{"title":"Divise da Lavoro Eleganti per Taglie Comode | Bolzonella Divise","description":"Abiti aziendali eleganti con taglie comode e fuori standard per uomo e donna. Scopri di pi\u00f9 sulle divise plus size, clicca qui!","robots":{"index":"index","follow":"follow","max-snippet":"max-snippet:-1","max-image-preview":"max-image-preview:large","max-video-preview":"max-video-preview:-1"},"canonical":"https:\/\/www.bolzonelladivise.com\/it\/divise-plus-size2\/","og_locale":"it_IT","og_type":"article","og_title":"Divise da Lavoro Eleganti per Taglie Comode | Bolzonella Divise","og_description":"Abiti aziendali eleganti con taglie comode e fuori standard per uomo e donna. Scopri di pi\u00f9 sulle divise plus size, clicca qui!","og_url":"https:\/\/www.bolzonelladivise.com\/it\/divise-plus-size2\/","og_site_name":"Bolzonella Divise","article_modified_time":"2023-09-05T09:11:26+00:00","og_image":[{"url":"https:\/\/www.bolzonelladivise.com\/wp-content\/uploads\/plus-size.jpg","type":"","width":"","height":""}],"twitter_card":"summary_large_image","twitter_misc":{"Tempo di lettura stimato":"4 minuti"},"schema":{"@context":"https:\/\/schema.org","@graph":[{"@type":"WebPage","@id":"https:\/\/www.bolzonelladivise.com\/it\/divise-plus-size2\/","url":"https:\/\/www.bolzonelladivise.com\/it\/divise-plus-size2\/","name":"Divise da Lavoro Eleganti per Taglie Comode | Bolzonella Divise","isPartOf":{"@id":"https:\/\/www.bolzonelladivise.com\/it\/#website"},"primaryImageOfPage":{"@id":"https:\/\/www.bolzonelladivise.com\/it\/divise-plus-size2\/#primaryimage"},"image":{"@id":"https:\/\/www.bolzonelladivise.com\/it\/divise-plus-size2\/#primaryimage"},"thumbnailUrl":"https:\/\/www.bolzonelladivise.com\/wp-content\/uploads\/plus-size.jpg","datePublished":"2019-04-12T08:20:09+00:00","dateModified":"2023-09-05T09:11:26+00:00","description":"Abiti aziendali eleganti con taglie comode e fuori standard per uomo e donna. Scopri di pi\u00f9 sulle divise plus size, clicca qui!","breadcrumb":{"@id":"https:\/\/www.bolzonelladivise.com\/it\/divise-plus-size2\/#breadcrumb"},"inLanguage":"it-IT","potentialAction":[{"@type":"ReadAction","target":["https:\/\/www.bolzonelladivise.com\/it\/divise-plus-size2\/"]}]},{"@type":"ImageObject","inLanguage":"it-IT","@id":"https:\/\/www.bolzonelladivise.com\/it\/divise-plus-size2\/#primaryimage","url":"https:\/\/www.bolzonelladivise.com\/wp-content\/uploads\/plus-size.jpg","contentUrl":"https:\/\/www.bolzonelladivise.com\/wp-content\/uploads\/plus-size.jpg"},{"@type":"BreadcrumbList","@id":"https:\/\/www.bolzonelladivise.com\/it\/divise-plus-size2\/#breadcrumb","itemListElement":[{"@type":"ListItem","position":1,"name":"Home","item":"https:\/\/www.bolzonelladivise.com\/it\/"},{"@type":"ListItem","position":2,"name":"Divise Plus Size"}]},{"@type":"WebSite","@id":"https:\/\/www.bolzonelladivise.com\/it\/#website","url":"https:\/\/www.bolzonelladivise.com\/it\/","name":"Bolzonella Divise","description":"Under Construction","potentialAction":[{"@type":"SearchAction","target":{"@type":"EntryPoint","urlTemplate":"https:\/\/www.bolzonelladivise.com\/it\/?s={search_term_string}"},"query-input":{"@type":"PropertyValueSpecification","valueRequired":true,"valueName":"search_term_string"}}],"inLanguage":"it-IT"}]}},"_links":{"self":[{"href":"https:\/\/www.bolzonelladivise.com\/it\/wp-json\/wp\/v2\/pages\/7377","targetHints":{"allow":["GET"]}}],"collection":[{"href":"https:\/\/www.bolzonelladivise.com\/it\/wp-json\/wp\/v2\/pages"}],"about":[{"href":"https:\/\/www.bolzonelladivise.com\/it\/wp-json\/wp\/v2\/types\/page"}],"author":[{"embeddable":true,"href":"https:\/\/www.bolzonelladivise.com\/it\/wp-json\/wp\/v2\/users\/1"}],"replies":[{"embeddable":true,"href":"https:\/\/www.bolzonelladivise.com\/it\/wp-json\/wp\/v2\/comments?post=7377"}],"version-history":[{"count":0,"href":"https:\/\/www.bolzonelladivise.com\/it\/wp-json\/wp\/v2\/pages\/7377\/revisions"}],"wp:attachment":[{"href":"https:\/\/www.bolzonelladivise.com\/it\/wp-json\/wp\/v2\/media?parent=7377"}],"curies":[{"name":"wp","href":"https:\/\/api.w.org\/{rel}","templated":true}]}}