{"id":52154,"date":"2024-07-25T10:25:37","date_gmt":"2024-07-25T08:25:37","guid":{"rendered":"https:\/\/www.bolzonelladivise.com\/?page_id=52154"},"modified":"2024-07-25T10:45:39","modified_gmt":"2024-07-25T08:45:39","slug":"servizio-cambio-taglia","status":"publish","type":"page","link":"https:\/\/www.bolzonelladivise.com\/it\/servizio-cambio-taglia\/","title":{"rendered":"Servizio Cambio Taglia"},"content":{"rendered":"\t\t<div data-elementor-type=\"wp-page\" data-elementor-id=\"52154\" class=\"elementor elementor-52154\" data-elementor-post-type=\"page\">\n\t\t\t\t\t\t<main class=\"elementor-section elementor-top-section elementor-element elementor-element-db0bf99 elementor-section-full_width elementor-section-height-default elementor-section-height-default\" data-id=\"db0bf99\" data-element_type=\"section\" data-settings=\"{&quot;animation&quot;:&quot;none&quot;}\">\n\t\t\t\t\t\t<div class=\"elementor-container elementor-column-gap-default\">\n\t\t\t\t\t<div class=\"elementor-column elementor-col-100 elementor-top-column elementor-element elementor-element-0ed5125\" data-id=\"0ed5125\" data-element_type=\"column\">\n\t\t\t<div class=\"elementor-widget-wrap elementor-element-populated\">\n\t\t\t\t\t\t<div class=\"elementor-element elementor-element-e5ba70d elementor-widget elementor-widget-heading\" data-id=\"e5ba70d\" data-element_type=\"widget\" data-widget_type=\"heading.default\">\n\t\t\t\t<div class=\"elementor-widget-container\">\n\t\t\t\t\t<h1 class=\"elementor-heading-title elementor-size-default\">Servizio Cambio Taglia<\/h1>\t\t\t\t<\/div>\n\t\t\t\t<\/div>\n\t\t\t\t\t<\/div>\n\t\t<\/div>\n\t\t\t\t\t<\/div>\n\t\t<\/main>\n\t\t\t\t<section class=\"elementor-section elementor-top-section elementor-element elementor-element-5cd6353 elementor-section-boxed elementor-section-height-default elementor-section-height-default\" data-id=\"5cd6353\" data-element_type=\"section\">\n\t\t\t\t\t\t<div class=\"elementor-container elementor-column-gap-default\">\n\t\t\t\t\t<div class=\"elementor-column elementor-col-100 elementor-top-column elementor-element elementor-element-7d41cf2\" data-id=\"7d41cf2\" data-element_type=\"column\">\n\t\t\t<div class=\"elementor-widget-wrap elementor-element-populated\">\n\t\t\t\t\t\t<div class=\"elementor-element elementor-element-8547a82 elementor-widget elementor-widget-text-editor\" data-id=\"8547a82\" data-element_type=\"widget\" data-widget_type=\"text-editor.default\">\n\t\t\t\t<div class=\"elementor-widget-container\">\n\t\t\t\t\t\t\t\t\t<p><img fetchpriority=\"high\" decoding=\"async\" class=\"wp-image-52163 size-full alignright\" title=\"Sostituzionetaglie\" src=\"https:\/\/www.bolzonelladivise.com\/wp-content\/uploads\/Sostituzionetaglie.png\" alt=\"Sostituzionetaglie\" width=\"400\" height=\"300\" srcset=\"https:\/\/www.bolzonelladivise.com\/wp-content\/uploads\/Sostituzionetaglie.png 400w, https:\/\/www.bolzonelladivise.com\/wp-content\/uploads\/Sostituzionetaglie-300x225.png 300w, https:\/\/www.bolzonelladivise.com\/wp-content\/uploads\/Sostituzionetaglie-150x113.png 150w\" sizes=\"(max-width: 400px) 100vw, 400px\" \/><\/p><p><span style=\"font-weight: 400;\">Il nostro <strong>servizio di cambio taglia<\/strong> \u00e8 pensato per garantire che ogni dipendente possa indossare una divisa che calzi alla perfezione.\u00a0<\/span><\/p><p><span style=\"font-weight: 400;\">Nonostante il <span style=\"text-decoration: underline;\"><a href=\"https:\/\/www.bolzonelladivise.com\/it\/servizio-prova-taglie\/\" target=\"_blank\" rel=\"noopener\">servizio di prova taglie<\/a><\/span>, pu\u00f2 succedere che al momento della consegna la taglia ordinata si riveli sbagliata.<\/span><\/p><p><span style=\"font-weight: 400;\">Che si tratti di un errore di trascrizione o di una variazione nella fisicit\u00e0 del dipendente, ti offriamo la possibilit\u00e0 di sostituire gratuitamente gli indumenti non personalizzati.<\/span><\/p><h2><span style=\"font-weight: 400;\">Come funziona il servizio di Cambio Taglia?<\/span><\/h2><p><span style=\"font-weight: 400;\">Il <\/span><b>servizio di cambio taglia<\/b><span style=\"font-weight: 400;\"> inizia con una comunicazione da parte del cliente, in cui viene <\/span><b>richiesta la sostituzione di una o pi\u00f9 taglie<\/b><span style=\"font-weight: 400;\"> dei capi acquistati.\u00a0<\/span><\/p><p><span style=\"font-weight: 400;\">Di seguito la procedura da seguire:<\/span><\/p><ul><li><b>Richiesta di cambio:<\/b><span style=\"font-weight: 400;\"> Entro 30 giorni <\/span><span style=\"font-weight: 400;\">solari <\/span><span style=\"font-weight: 400;\">dall\u2019acquisto \u00e8 possibile richiedere il cambio taglia del capo acquistato.<\/span><\/li><li><span style=\"font-weight: 400;\">La sostituzione verr\u00e0 gestita una sola volta per ordine<\/span><\/li><li><b>Modulistica<\/b><span style=\"font-weight: 400;\">: Forniamo i moduli necessari da compilare per ufficializzare la richiesta, che dovr\u00e0 poi essere approvata dall\u2019azienda.<\/span><\/li><li><b>Spedizione dei capi: <\/b><span style=\"font-weight: 400;\">il cliente provveder\u00e0 a spedirci la merce da sostituire, <\/span><span style=\"font-weight: 400;\">inserendo il modulo dentro alla scatola,<\/span> <span style=\"font-weight: 400;\">con il proprio corriere.<br \/><\/span>Per procedere alla sostituzione le divise non devono essere state usate, non lavate e nella confezione originale completa di cartellini, sacchetto, appendino ecc.<\/li><li><b>Ricezione e sostituzione<\/b><span style=\"font-weight: 400;\">: Una volta ricevuti i capi, e verificato che siano intatti come da indicazioni precedenti, procederemo alla spedizione dei nuovi capi con la taglia corretta.<\/span><\/li><\/ul><p>Il servizio di cambio taglia \u00e8 sempre assicurato per tutte le divise da lavoro. Nel caso di alcuni modelli specifici, in cui non sar\u00e0 possibile effettuare la sostituzione, informiamo personalmente il cliente gi\u00e0 in fase di preventivo.<\/p><p><span style=\"font-weight: 400;\">I capi personalizzati non sono coperti dal servizio di cambio taglia, a meno che non presentino difetti dovuti alla produzione.<\/span><\/p>\t\t\t\t\t\t\t\t<\/div>\n\t\t\t\t<\/div>\n\t\t\t\t<div class=\"elementor-element elementor-element-e5948ee elementor-widget elementor-widget-text-editor\" data-id=\"e5948ee\" data-element_type=\"widget\" data-widget_type=\"text-editor.default\">\n\t\t\t\t<div class=\"elementor-widget-container\">\n\t\t\t\t\t\t\t\t\t<p><span style=\"font-weight: 400;\">Hai acquistato la tua divisa elegante, ma ti sei accorto che la taglia scelta non \u00e8 corretta? Non preoccuparti, contattaci per richiedere la sostituzione della taglia a <\/span><a href=\"mailto:info@bolzonelladivise.com\"><span style=\"font-weight: 400;\">info@bolzonelladivise.com<\/span><\/a><\/p>\t\t\t\t\t\t\t\t<\/div>\n\t\t\t\t<\/div>\n\t\t\t\t\t<\/div>\n\t\t<\/div>\n\t\t\t\t\t<\/div>\n\t\t<\/section>\n\t\t\t\t<\/div>\n\t\t","protected":false},"excerpt":{"rendered":"<p>Servizio Cambio Taglia Il nostro servizio di cambio taglia \u00e8 pensato per garantire che ogni dipendente possa indossare una divisa che calzi alla perfezione.\u00a0 Nonostante il servizio di prova taglie, pu\u00f2 succedere che al momento della consegna la taglia ordinata si riveli sbagliata. Che si tratti di un errore di trascrizione o di una variazione [&hellip;]<\/p>\n","protected":false},"author":1,"featured_media":0,"parent":0,"menu_order":0,"comment_status":"closed","ping_status":"closed","template":"","meta":{"footnotes":""},"class_list":["post-52154","page","type-page","status-publish","hentry"],"yoast_head":"<!-- This site is optimized with the Yoast SEO plugin v26.8 - https:\/\/yoast.com\/product\/yoast-seo-wordpress\/ -->\n<title>Servizio Cambio Taglia | Bolzonella Divise<\/title>\n<meta name=\"description\" content=\"Scopri il nostro Servizio Cambio Taglia per divise da lavoro. Sostituiamo gratuitamente indumenti non personalizzati entro 30 giorni dall&#039;acquisto. Contattaci!\" \/>\n<meta name=\"robots\" content=\"index, follow, max-snippet:-1, max-image-preview:large, max-video-preview:-1\" \/>\n<link rel=\"canonical\" href=\"https:\/\/www.bolzonelladivise.com\/it\/servizio-cambio-taglia\/\" \/>\n<meta property=\"og:locale\" content=\"it_IT\" \/>\n<meta property=\"og:type\" content=\"article\" \/>\n<meta property=\"og:title\" content=\"Servizio Cambio Taglia | Bolzonella Divise\" \/>\n<meta property=\"og:description\" content=\"Scopri il nostro Servizio Cambio Taglia per divise da lavoro. Sostituiamo gratuitamente indumenti non personalizzati entro 30 giorni dall&#039;acquisto. Contattaci!\" \/>\n<meta property=\"og:url\" content=\"https:\/\/www.bolzonelladivise.com\/it\/servizio-cambio-taglia\/\" \/>\n<meta property=\"og:site_name\" content=\"Bolzonella Divise\" \/>\n<meta property=\"article:modified_time\" content=\"2024-07-25T08:45:39+00:00\" \/>\n<meta property=\"og:image\" content=\"https:\/\/www.bolzonelladivise.com\/wp-content\/uploads\/Sostituzionetaglie.png\" \/>\n\t<meta property=\"og:image:width\" content=\"400\" \/>\n\t<meta property=\"og:image:height\" content=\"300\" \/>\n\t<meta property=\"og:image:type\" content=\"image\/png\" \/>\n<meta name=\"twitter:card\" content=\"summary_large_image\" \/>\n<meta name=\"twitter:label1\" content=\"Tempo di lettura stimato\" \/>\n\t<meta name=\"twitter:data1\" content=\"2 minuti\" \/>\n<script type=\"application\/ld+json\" class=\"yoast-schema-graph\">{\"@context\":\"https:\/\/schema.org\",\"@graph\":[{\"@type\":\"WebPage\",\"@id\":\"https:\/\/www.bolzonelladivise.com\/it\/servizio-cambio-taglia\/\",\"url\":\"https:\/\/www.bolzonelladivise.com\/it\/servizio-cambio-taglia\/\",\"name\":\"Servizio Cambio Taglia | Bolzonella Divise\",\"isPartOf\":{\"@id\":\"https:\/\/www.bolzonelladivise.com\/it\/#website\"},\"primaryImageOfPage\":{\"@id\":\"https:\/\/www.bolzonelladivise.com\/it\/servizio-cambio-taglia\/#primaryimage\"},\"image\":{\"@id\":\"https:\/\/www.bolzonelladivise.com\/it\/servizio-cambio-taglia\/#primaryimage\"},\"thumbnailUrl\":\"https:\/\/www.bolzonelladivise.com\/wp-content\/uploads\/Sostituzionetaglie.png\",\"datePublished\":\"2024-07-25T08:25:37+00:00\",\"dateModified\":\"2024-07-25T08:45:39+00:00\",\"description\":\"Scopri il nostro Servizio Cambio Taglia per divise da lavoro. Sostituiamo gratuitamente indumenti non personalizzati entro 30 giorni dall'acquisto. Contattaci!\",\"breadcrumb\":{\"@id\":\"https:\/\/www.bolzonelladivise.com\/it\/servizio-cambio-taglia\/#breadcrumb\"},\"inLanguage\":\"it-IT\",\"potentialAction\":[{\"@type\":\"ReadAction\",\"target\":[\"https:\/\/www.bolzonelladivise.com\/it\/servizio-cambio-taglia\/\"]}]},{\"@type\":\"ImageObject\",\"inLanguage\":\"it-IT\",\"@id\":\"https:\/\/www.bolzonelladivise.com\/it\/servizio-cambio-taglia\/#primaryimage\",\"url\":\"https:\/\/www.bolzonelladivise.com\/wp-content\/uploads\/Sostituzionetaglie.png\",\"contentUrl\":\"https:\/\/www.bolzonelladivise.com\/wp-content\/uploads\/Sostituzionetaglie.png\"},{\"@type\":\"BreadcrumbList\",\"@id\":\"https:\/\/www.bolzonelladivise.com\/it\/servizio-cambio-taglia\/#breadcrumb\",\"itemListElement\":[{\"@type\":\"ListItem\",\"position\":1,\"name\":\"Home\",\"item\":\"https:\/\/www.bolzonelladivise.com\/it\/\"},{\"@type\":\"ListItem\",\"position\":2,\"name\":\"Servizio Cambio Taglia\"}]},{\"@type\":\"WebSite\",\"@id\":\"https:\/\/www.bolzonelladivise.com\/it\/#website\",\"url\":\"https:\/\/www.bolzonelladivise.com\/it\/\",\"name\":\"Bolzonella Divise\",\"description\":\"Under Construction\",\"potentialAction\":[{\"@type\":\"SearchAction\",\"target\":{\"@type\":\"EntryPoint\",\"urlTemplate\":\"https:\/\/www.bolzonelladivise.com\/it\/?s={search_term_string}\"},\"query-input\":{\"@type\":\"PropertyValueSpecification\",\"valueRequired\":true,\"valueName\":\"search_term_string\"}}],\"inLanguage\":\"it-IT\"}]}<\/script>\n<!-- \/ Yoast SEO plugin. -->","yoast_head_json":{"title":"Servizio Cambio Taglia | Bolzonella Divise","description":"Scopri il nostro Servizio Cambio Taglia per divise da lavoro. Sostituiamo gratuitamente indumenti non personalizzati entro 30 giorni dall'acquisto. Contattaci!","robots":{"index":"index","follow":"follow","max-snippet":"max-snippet:-1","max-image-preview":"max-image-preview:large","max-video-preview":"max-video-preview:-1"},"canonical":"https:\/\/www.bolzonelladivise.com\/it\/servizio-cambio-taglia\/","og_locale":"it_IT","og_type":"article","og_title":"Servizio Cambio Taglia | Bolzonella Divise","og_description":"Scopri il nostro Servizio Cambio Taglia per divise da lavoro. Sostituiamo gratuitamente indumenti non personalizzati entro 30 giorni dall'acquisto. Contattaci!","og_url":"https:\/\/www.bolzonelladivise.com\/it\/servizio-cambio-taglia\/","og_site_name":"Bolzonella Divise","article_modified_time":"2024-07-25T08:45:39+00:00","og_image":[{"width":400,"height":300,"url":"https:\/\/www.bolzonelladivise.com\/wp-content\/uploads\/Sostituzionetaglie.png","type":"image\/png"}],"twitter_card":"summary_large_image","twitter_misc":{"Tempo di lettura stimato":"2 minuti"},"schema":{"@context":"https:\/\/schema.org","@graph":[{"@type":"WebPage","@id":"https:\/\/www.bolzonelladivise.com\/it\/servizio-cambio-taglia\/","url":"https:\/\/www.bolzonelladivise.com\/it\/servizio-cambio-taglia\/","name":"Servizio Cambio Taglia | Bolzonella Divise","isPartOf":{"@id":"https:\/\/www.bolzonelladivise.com\/it\/#website"},"primaryImageOfPage":{"@id":"https:\/\/www.bolzonelladivise.com\/it\/servizio-cambio-taglia\/#primaryimage"},"image":{"@id":"https:\/\/www.bolzonelladivise.com\/it\/servizio-cambio-taglia\/#primaryimage"},"thumbnailUrl":"https:\/\/www.bolzonelladivise.com\/wp-content\/uploads\/Sostituzionetaglie.png","datePublished":"2024-07-25T08:25:37+00:00","dateModified":"2024-07-25T08:45:39+00:00","description":"Scopri il nostro Servizio Cambio Taglia per divise da lavoro. Sostituiamo gratuitamente indumenti non personalizzati entro 30 giorni dall'acquisto. Contattaci!","breadcrumb":{"@id":"https:\/\/www.bolzonelladivise.com\/it\/servizio-cambio-taglia\/#breadcrumb"},"inLanguage":"it-IT","potentialAction":[{"@type":"ReadAction","target":["https:\/\/www.bolzonelladivise.com\/it\/servizio-cambio-taglia\/"]}]},{"@type":"ImageObject","inLanguage":"it-IT","@id":"https:\/\/www.bolzonelladivise.com\/it\/servizio-cambio-taglia\/#primaryimage","url":"https:\/\/www.bolzonelladivise.com\/wp-content\/uploads\/Sostituzionetaglie.png","contentUrl":"https:\/\/www.bolzonelladivise.com\/wp-content\/uploads\/Sostituzionetaglie.png"},{"@type":"BreadcrumbList","@id":"https:\/\/www.bolzonelladivise.com\/it\/servizio-cambio-taglia\/#breadcrumb","itemListElement":[{"@type":"ListItem","position":1,"name":"Home","item":"https:\/\/www.bolzonelladivise.com\/it\/"},{"@type":"ListItem","position":2,"name":"Servizio Cambio Taglia"}]},{"@type":"WebSite","@id":"https:\/\/www.bolzonelladivise.com\/it\/#website","url":"https:\/\/www.bolzonelladivise.com\/it\/","name":"Bolzonella Divise","description":"Under Construction","potentialAction":[{"@type":"SearchAction","target":{"@type":"EntryPoint","urlTemplate":"https:\/\/www.bolzonelladivise.com\/it\/?s={search_term_string}"},"query-input":{"@type":"PropertyValueSpecification","valueRequired":true,"valueName":"search_term_string"}}],"inLanguage":"it-IT"}]}},"_links":{"self":[{"href":"https:\/\/www.bolzonelladivise.com\/it\/wp-json\/wp\/v2\/pages\/52154","targetHints":{"allow":["GET"]}}],"collection":[{"href":"https:\/\/www.bolzonelladivise.com\/it\/wp-json\/wp\/v2\/pages"}],"about":[{"href":"https:\/\/www.bolzonelladivise.com\/it\/wp-json\/wp\/v2\/types\/page"}],"author":[{"embeddable":true,"href":"https:\/\/www.bolzonelladivise.com\/it\/wp-json\/wp\/v2\/users\/1"}],"replies":[{"embeddable":true,"href":"https:\/\/www.bolzonelladivise.com\/it\/wp-json\/wp\/v2\/comments?post=52154"}],"version-history":[{"count":0,"href":"https:\/\/www.bolzonelladivise.com\/it\/wp-json\/wp\/v2\/pages\/52154\/revisions"}],"wp:attachment":[{"href":"https:\/\/www.bolzonelladivise.com\/it\/wp-json\/wp\/v2\/media?parent=52154"}],"curies":[{"name":"wp","href":"https:\/\/api.w.org\/{rel}","templated":true}]}}