{"id":52113,"date":"2024-07-25T09:28:12","date_gmt":"2024-07-25T07:28:12","guid":{"rendered":"https:\/\/www.bolzonelladivise.com\/?page_id=52113"},"modified":"2024-07-25T09:56:53","modified_gmt":"2024-07-25T07:56:53","slug":"servizio-prova-taglie","status":"publish","type":"page","link":"https:\/\/www.bolzonelladivise.com\/it\/servizio-prova-taglie\/","title":{"rendered":"Servizio Prova Taglie"},"content":{"rendered":"\t\t<div data-elementor-type=\"wp-page\" data-elementor-id=\"52113\" class=\"elementor elementor-52113\" data-elementor-post-type=\"page\">\n\t\t\t\t\t\t<main class=\"elementor-section elementor-top-section elementor-element elementor-element-db0bf99 elementor-section-full_width elementor-section-height-default elementor-section-height-default\" data-id=\"db0bf99\" data-element_type=\"section\" data-settings=\"{&quot;animation&quot;:&quot;none&quot;}\">\n\t\t\t\t\t\t<div class=\"elementor-container elementor-column-gap-default\">\n\t\t\t\t\t<div class=\"elementor-column elementor-col-100 elementor-top-column elementor-element elementor-element-0ed5125\" data-id=\"0ed5125\" data-element_type=\"column\">\n\t\t\t<div class=\"elementor-widget-wrap elementor-element-populated\">\n\t\t\t\t\t\t<div class=\"elementor-element elementor-element-e5ba70d elementor-widget elementor-widget-heading\" data-id=\"e5ba70d\" data-element_type=\"widget\" data-widget_type=\"heading.default\">\n\t\t\t\t<div class=\"elementor-widget-container\">\n\t\t\t\t\t<h1 class=\"elementor-heading-title elementor-size-default\">Servizio Prova Taglie<\/h1>\t\t\t\t<\/div>\n\t\t\t\t<\/div>\n\t\t\t\t\t<\/div>\n\t\t<\/div>\n\t\t\t\t\t<\/div>\n\t\t<\/main>\n\t\t\t\t<section class=\"elementor-section elementor-top-section elementor-element elementor-element-5cd6353 elementor-section-boxed elementor-section-height-default elementor-section-height-default\" data-id=\"5cd6353\" data-element_type=\"section\">\n\t\t\t\t\t\t<div class=\"elementor-container elementor-column-gap-default\">\n\t\t\t\t\t<div class=\"elementor-column elementor-col-100 elementor-top-column elementor-element elementor-element-7d41cf2\" data-id=\"7d41cf2\" data-element_type=\"column\">\n\t\t\t<div class=\"elementor-widget-wrap elementor-element-populated\">\n\t\t\t\t\t\t<section class=\"elementor-section elementor-inner-section elementor-element elementor-element-6b340c9 elementor-section-boxed elementor-section-height-default elementor-section-height-default\" data-id=\"6b340c9\" data-element_type=\"section\">\n\t\t\t\t\t\t<div class=\"elementor-container elementor-column-gap-default\">\n\t\t\t\t\t<div class=\"elementor-column elementor-col-100 elementor-inner-column elementor-element elementor-element-fe6f42d\" data-id=\"fe6f42d\" data-element_type=\"column\">\n\t\t\t<div class=\"elementor-widget-wrap elementor-element-populated\">\n\t\t\t\t\t\t<div class=\"elementor-element elementor-element-f202337 elementor-widget elementor-widget-text-editor\" data-id=\"f202337\" data-element_type=\"widget\" data-widget_type=\"text-editor.default\">\n\t\t\t\t<div class=\"elementor-widget-container\">\n\t\t\t\t\t\t\t\t\t<p><img fetchpriority=\"high\" decoding=\"async\" class=\"alignright wp-image-52142 size-full\" title=\"Provataglie\" src=\"https:\/\/www.bolzonelladivise.com\/wp-content\/uploads\/Provataglie-1.png\" alt=\"Provataglie\" width=\"400\" height=\"413\" srcset=\"https:\/\/www.bolzonelladivise.com\/wp-content\/uploads\/Provataglie-1.png 400w, https:\/\/www.bolzonelladivise.com\/wp-content\/uploads\/Provataglie-1-291x300.png 291w, https:\/\/www.bolzonelladivise.com\/wp-content\/uploads\/Provataglie-1-145x150.png 145w\" sizes=\"(max-width: 400px) 100vw, 400px\" \/><\/p><p><span style=\"font-weight: 400;\">Acquistare una divisa da lavoro \u00e8 un momento importante e delicato per un\u2019azienda, con il nostro <\/span><b>servizio <\/b><span style=\"font-weight: 400;\">di <\/span><b>Prova Taglie in azienda<\/b><span style=\"font-weight: 400;\"> e <\/span><b>Kit Prova Taglie<\/b><span style=\"font-weight: 400;\"> potrai toccare con mano le nostre divise ed assicurarti di scegliere la taglia giusta per evitare futuri cambi.<\/span><\/p><p><span style=\"font-weight: 400;\">Vediamo insieme come funziona il servizio Kit Prova taglie e il servizio Kit Prova taglie in azienda:<\/span><\/p><h2><strong>A chi \u00e8 rivolto il servizio Prova Taglie?<\/strong><\/h2><p><span style=\"font-weight: 400;\">Il <\/span><b>servizio kit prova taglie<\/b><span style=\"font-weight: 400;\"> \u00e8 indicato per le piccole medie aziende con un numero di dipendenti che varia tra le 20 e le 40 persone. Tuttavia, anche aziende con un numero maggiore di dipendenti possono richiedere il kit prova taglie, soprattutto se hanno pi\u00f9 sedi e personale con turni diversificati.<\/span><\/p><p><span style=\"font-weight: 400;\">Il <\/span><b>servizio di prova taglie in azienda<\/b><span style=\"font-weight: 400;\"> \u00e8 indicato per le realt\u00e0 medio-grandi che vestono almeno 50 persone.<\/span><\/p><p><span style=\"font-weight: 400;\">\u00a0<\/span><\/p><h2><strong>Come funziona questo servizio?<\/strong><\/h2><div><strong>\u00a0<\/strong><\/div><h3><strong>Servizio Kit Prova Taglie<\/strong><\/h3><p><span style=\"font-weight: 400;\">Il <\/span><b>servizio kit prova taglie<\/b><span style=\"font-weight: 400;\"> \u00e8 molto semplice: prepariamo un kit con i capi selezionati di varie taglie e lo spediamo al cliente che si occuper\u00e0 in maniera autonoma di far provare i vari modelli ai dipendenti.<\/span><\/p><p><span style=\"font-weight: 400;\">Una volta raccolte tutte le taglie, il cliente dovr\u00e0 rispedire la merce nelle condizioni in cui l\u2019ha ricevuto, e poi noi procederemo a processare l\u2019ordine con la taglia corretta.<\/span><\/p><p><span style=\"font-weight: 400;\">\u00a0<\/span><\/p><h3><strong>Servizio Prova Taglie in Azienda<\/strong><\/h3><p><img decoding=\"async\" class=\"alignleft wp-image-52122\" title=\"Servizioprovataglie\" src=\"https:\/\/www.bolzonelladivise.com\/wp-content\/uploads\/Servizioprovataglie.jpg\" alt=\"Servizioprovataglie\" width=\"500\" height=\"375\" srcset=\"https:\/\/www.bolzonelladivise.com\/wp-content\/uploads\/Servizioprovataglie.jpg 600w, https:\/\/www.bolzonelladivise.com\/wp-content\/uploads\/Servizioprovataglie-300x225.jpg 300w, https:\/\/www.bolzonelladivise.com\/wp-content\/uploads\/Servizioprovataglie-150x113.jpg 150w\" sizes=\"(max-width: 500px) 100vw, 500px\" \/><\/p><p><span style=\"font-weight: 400;\">Il <\/span><b>servizio di prova taglie in azienda<\/b><span style=\"font-weight: 400;\"> invece richiede una preparazione pi\u00f9 complessa.<\/span><\/p><p><span style=\"font-weight: 400;\">Sar\u00e0 necessario fissare un appuntamento con una nostra referente, compilare un modulo con i seguenti dati:<\/span><\/p><p><span style=\"background-color: transparent;\">&#8211; Nome e cognome dei dipendenti<br \/><\/span><span style=\"background-color: transparent;\">&#8211; Orario di prova<br \/><\/span><span style=\"background-color: transparent;\">&#8211; Taglia indicativa da provare.<\/span><\/p><p><span style=\"font-weight: 400;\">Questa procedura ci permetter\u00e0 di preparare e avere a disposizione un campionario adeguato per garantire una prova completa e accurata.<\/span><\/p><p><span style=\"font-weight: 400;\">Il cliente dovr\u00e0 fornire uno spazio dove effettuare le prove delle divise. Se non disponibili, possiamo mettere a disposizione dei camerini mobili e uno specchio.<\/span><\/p><p><span style=\"font-weight: 400;\">Durante la sessione di prova, i dipendenti possono provare diverse taglie, e se concordato in anticipo, anche modelli differenti. Questo permette di trovare la combinazione perfetta di stile e comfort.<\/span><span style=\"font-weight: 400;\"><br \/><\/span><span style=\"font-weight: 400;\">Il valore aggiunto di questo servizio \u00e8 che il personale sar\u00e0 assistito durante la prova da una nostra esperta che offrir\u00e0 consulenza sulla vestibilit\u00e0 e sulle eventuali necessit\u00e0 di modifiche.<\/span><\/p><p><b>Attenzione<\/b><span style=\"font-weight: 400;\">: questi due servizi sono disponibili solo dopo aver formalizzato l\u2019ordine. Il cliente deve aver valutato i campioni, approvato i capi, definito l\u2019aspetto economico e tutte le condizioni contrattuali.<\/span><\/p><p><span style=\"font-weight: 400;\">\u00a0<\/span><\/p><h2><strong>Tempistiche di consegna<\/strong><\/h2><p><span style=\"font-weight: 400;\">Una volta completata la prova taglie, sia con il kit che con la prova in azienda, la tempistica di consegna delle divise \u00e8 di circa 2-3 settimane. Se i capi hanno bisogno di personalizzazioni particolari o del corredo dipendente, le tempistiche possono variare in base alla complessit\u00e0 dell\u2019ordine.<\/span><\/p><p><span style=\"font-weight: 400;\">\u00a0<\/span><\/p><h3><strong>Alternativa: schede tecniche delle misure<\/strong><\/h3><p><span style=\"font-weight: 400;\">In alternativa, per la corretta rilevazione delle taglie, possiamo fornire delle schede tecniche con le dimensioni delle misure dei nostri capi. In questo modo i dipendenti possono procedere in autonomia senza necessit\u00e0 di prove fisiche.<\/span><\/p>\t\t\t\t\t\t\t\t<\/div>\n\t\t\t\t<\/div>\n\t\t\t\t<div class=\"elementor-element elementor-element-eae3fac elementor-widget elementor-widget-text-editor\" data-id=\"eae3fac\" data-element_type=\"widget\" data-widget_type=\"text-editor.default\">\n\t\t\t\t<div class=\"elementor-widget-container\">\n\t\t\t\t\t\t\t\t\t<p><span style=\"font-weight: 400;\">Vuoi richiedere un preventivo e il nostro servizio di prova taglie? Compila il modulo oppure contattaci a <\/span><a href=\"mailto:info@bolzonelladivise.com\"><span style=\"font-weight: 400;\">info@bolzonelladivise.com<\/span><\/a><\/p>\t\t\t\t\t\t\t\t<\/div>\n\t\t\t\t<\/div>\n\t\t\t\t\t<\/div>\n\t\t<\/div>\n\t\t\t\t\t<\/div>\n\t\t<\/section>\n\t\t\t\t\t<\/div>\n\t\t<\/div>\n\t\t\t\t\t<\/div>\n\t\t<\/section>\n\t\t\t\t<\/div>\n\t\t","protected":false},"excerpt":{"rendered":"<p>Servizio Prova Taglie Acquistare una divisa da lavoro \u00e8 un momento importante e delicato per un\u2019azienda, con il nostro servizio di Prova Taglie in azienda e Kit Prova Taglie potrai toccare con mano le nostre divise ed assicurarti di scegliere la taglia giusta per evitare futuri cambi. Vediamo insieme come funziona il servizio Kit Prova [&hellip;]<\/p>\n","protected":false},"author":1,"featured_media":52122,"parent":0,"menu_order":0,"comment_status":"closed","ping_status":"closed","template":"","meta":{"footnotes":""},"class_list":["post-52113","page","type-page","status-publish","has-post-thumbnail","hentry"],"yoast_head":"<!-- This site is optimized with the Yoast SEO plugin v26.8 - https:\/\/yoast.com\/product\/yoast-seo-wordpress\/ -->\n<title>Servizio Prova Taglie | Bolzonella Divise<\/title>\n<meta name=\"description\" content=\"Scopri il nostro Servizio Prova Taglie per divise aziendali. Scegli tra il Kit Prova Taglie o la Prova in Azienda per trovare la misura perfetta. Contattaci!\" \/>\n<meta name=\"robots\" content=\"index, follow, max-snippet:-1, max-image-preview:large, max-video-preview:-1\" \/>\n<link rel=\"canonical\" href=\"https:\/\/www.bolzonelladivise.com\/it\/servizio-prova-taglie\/\" \/>\n<meta property=\"og:locale\" content=\"it_IT\" \/>\n<meta property=\"og:type\" content=\"article\" \/>\n<meta property=\"og:title\" content=\"Servizio Prova Taglie | Bolzonella Divise\" \/>\n<meta property=\"og:description\" content=\"Scopri il nostro Servizio Prova Taglie per divise aziendali. Scegli tra il Kit Prova Taglie o la Prova in Azienda per trovare la misura perfetta. Contattaci!\" \/>\n<meta property=\"og:url\" content=\"https:\/\/www.bolzonelladivise.com\/it\/servizio-prova-taglie\/\" \/>\n<meta property=\"og:site_name\" content=\"Bolzonella Divise\" \/>\n<meta property=\"article:modified_time\" content=\"2024-07-25T07:56:53+00:00\" \/>\n<meta property=\"og:image\" content=\"https:\/\/www.bolzonelladivise.com\/wp-content\/uploads\/Servizioprovataglie.jpg\" \/>\n\t<meta property=\"og:image:width\" content=\"600\" \/>\n\t<meta property=\"og:image:height\" content=\"450\" \/>\n\t<meta property=\"og:image:type\" content=\"image\/jpeg\" \/>\n<meta name=\"twitter:card\" content=\"summary_large_image\" \/>\n<meta name=\"twitter:label1\" content=\"Tempo di lettura stimato\" \/>\n\t<meta name=\"twitter:data1\" content=\"4 minuti\" \/>\n<script type=\"application\/ld+json\" class=\"yoast-schema-graph\">{\"@context\":\"https:\/\/schema.org\",\"@graph\":[{\"@type\":\"WebPage\",\"@id\":\"https:\/\/www.bolzonelladivise.com\/it\/servizio-prova-taglie\/\",\"url\":\"https:\/\/www.bolzonelladivise.com\/it\/servizio-prova-taglie\/\",\"name\":\"Servizio Prova Taglie | Bolzonella Divise\",\"isPartOf\":{\"@id\":\"https:\/\/www.bolzonelladivise.com\/it\/#website\"},\"primaryImageOfPage\":{\"@id\":\"https:\/\/www.bolzonelladivise.com\/it\/servizio-prova-taglie\/#primaryimage\"},\"image\":{\"@id\":\"https:\/\/www.bolzonelladivise.com\/it\/servizio-prova-taglie\/#primaryimage\"},\"thumbnailUrl\":\"https:\/\/www.bolzonelladivise.com\/wp-content\/uploads\/Servizioprovataglie.jpg\",\"datePublished\":\"2024-07-25T07:28:12+00:00\",\"dateModified\":\"2024-07-25T07:56:53+00:00\",\"description\":\"Scopri il nostro Servizio Prova Taglie per divise aziendali. Scegli tra il Kit Prova Taglie o la Prova in Azienda per trovare la misura perfetta. Contattaci!\",\"breadcrumb\":{\"@id\":\"https:\/\/www.bolzonelladivise.com\/it\/servizio-prova-taglie\/#breadcrumb\"},\"inLanguage\":\"it-IT\",\"potentialAction\":[{\"@type\":\"ReadAction\",\"target\":[\"https:\/\/www.bolzonelladivise.com\/it\/servizio-prova-taglie\/\"]}]},{\"@type\":\"ImageObject\",\"inLanguage\":\"it-IT\",\"@id\":\"https:\/\/www.bolzonelladivise.com\/it\/servizio-prova-taglie\/#primaryimage\",\"url\":\"https:\/\/www.bolzonelladivise.com\/wp-content\/uploads\/Servizioprovataglie.jpg\",\"contentUrl\":\"https:\/\/www.bolzonelladivise.com\/wp-content\/uploads\/Servizioprovataglie.jpg\",\"width\":600,\"height\":450,\"caption\":\"Servizioprovataglie\"},{\"@type\":\"BreadcrumbList\",\"@id\":\"https:\/\/www.bolzonelladivise.com\/it\/servizio-prova-taglie\/#breadcrumb\",\"itemListElement\":[{\"@type\":\"ListItem\",\"position\":1,\"name\":\"Home\",\"item\":\"https:\/\/www.bolzonelladivise.com\/it\/\"},{\"@type\":\"ListItem\",\"position\":2,\"name\":\"Servizio Prova Taglie\"}]},{\"@type\":\"WebSite\",\"@id\":\"https:\/\/www.bolzonelladivise.com\/it\/#website\",\"url\":\"https:\/\/www.bolzonelladivise.com\/it\/\",\"name\":\"Bolzonella Divise\",\"description\":\"Under Construction\",\"potentialAction\":[{\"@type\":\"SearchAction\",\"target\":{\"@type\":\"EntryPoint\",\"urlTemplate\":\"https:\/\/www.bolzonelladivise.com\/it\/?s={search_term_string}\"},\"query-input\":{\"@type\":\"PropertyValueSpecification\",\"valueRequired\":true,\"valueName\":\"search_term_string\"}}],\"inLanguage\":\"it-IT\"}]}<\/script>\n<!-- \/ Yoast SEO plugin. -->","yoast_head_json":{"title":"Servizio Prova Taglie | Bolzonella Divise","description":"Scopri il nostro Servizio Prova Taglie per divise aziendali. Scegli tra il Kit Prova Taglie o la Prova in Azienda per trovare la misura perfetta. Contattaci!","robots":{"index":"index","follow":"follow","max-snippet":"max-snippet:-1","max-image-preview":"max-image-preview:large","max-video-preview":"max-video-preview:-1"},"canonical":"https:\/\/www.bolzonelladivise.com\/it\/servizio-prova-taglie\/","og_locale":"it_IT","og_type":"article","og_title":"Servizio Prova Taglie | Bolzonella Divise","og_description":"Scopri il nostro Servizio Prova Taglie per divise aziendali. Scegli tra il Kit Prova Taglie o la Prova in Azienda per trovare la misura perfetta. Contattaci!","og_url":"https:\/\/www.bolzonelladivise.com\/it\/servizio-prova-taglie\/","og_site_name":"Bolzonella Divise","article_modified_time":"2024-07-25T07:56:53+00:00","og_image":[{"width":600,"height":450,"url":"https:\/\/www.bolzonelladivise.com\/wp-content\/uploads\/Servizioprovataglie.jpg","type":"image\/jpeg"}],"twitter_card":"summary_large_image","twitter_misc":{"Tempo di lettura stimato":"4 minuti"},"schema":{"@context":"https:\/\/schema.org","@graph":[{"@type":"WebPage","@id":"https:\/\/www.bolzonelladivise.com\/it\/servizio-prova-taglie\/","url":"https:\/\/www.bolzonelladivise.com\/it\/servizio-prova-taglie\/","name":"Servizio Prova Taglie | Bolzonella Divise","isPartOf":{"@id":"https:\/\/www.bolzonelladivise.com\/it\/#website"},"primaryImageOfPage":{"@id":"https:\/\/www.bolzonelladivise.com\/it\/servizio-prova-taglie\/#primaryimage"},"image":{"@id":"https:\/\/www.bolzonelladivise.com\/it\/servizio-prova-taglie\/#primaryimage"},"thumbnailUrl":"https:\/\/www.bolzonelladivise.com\/wp-content\/uploads\/Servizioprovataglie.jpg","datePublished":"2024-07-25T07:28:12+00:00","dateModified":"2024-07-25T07:56:53+00:00","description":"Scopri il nostro Servizio Prova Taglie per divise aziendali. Scegli tra il Kit Prova Taglie o la Prova in Azienda per trovare la misura perfetta. Contattaci!","breadcrumb":{"@id":"https:\/\/www.bolzonelladivise.com\/it\/servizio-prova-taglie\/#breadcrumb"},"inLanguage":"it-IT","potentialAction":[{"@type":"ReadAction","target":["https:\/\/www.bolzonelladivise.com\/it\/servizio-prova-taglie\/"]}]},{"@type":"ImageObject","inLanguage":"it-IT","@id":"https:\/\/www.bolzonelladivise.com\/it\/servizio-prova-taglie\/#primaryimage","url":"https:\/\/www.bolzonelladivise.com\/wp-content\/uploads\/Servizioprovataglie.jpg","contentUrl":"https:\/\/www.bolzonelladivise.com\/wp-content\/uploads\/Servizioprovataglie.jpg","width":600,"height":450,"caption":"Servizioprovataglie"},{"@type":"BreadcrumbList","@id":"https:\/\/www.bolzonelladivise.com\/it\/servizio-prova-taglie\/#breadcrumb","itemListElement":[{"@type":"ListItem","position":1,"name":"Home","item":"https:\/\/www.bolzonelladivise.com\/it\/"},{"@type":"ListItem","position":2,"name":"Servizio Prova Taglie"}]},{"@type":"WebSite","@id":"https:\/\/www.bolzonelladivise.com\/it\/#website","url":"https:\/\/www.bolzonelladivise.com\/it\/","name":"Bolzonella Divise","description":"Under Construction","potentialAction":[{"@type":"SearchAction","target":{"@type":"EntryPoint","urlTemplate":"https:\/\/www.bolzonelladivise.com\/it\/?s={search_term_string}"},"query-input":{"@type":"PropertyValueSpecification","valueRequired":true,"valueName":"search_term_string"}}],"inLanguage":"it-IT"}]}},"_links":{"self":[{"href":"https:\/\/www.bolzonelladivise.com\/it\/wp-json\/wp\/v2\/pages\/52113","targetHints":{"allow":["GET"]}}],"collection":[{"href":"https:\/\/www.bolzonelladivise.com\/it\/wp-json\/wp\/v2\/pages"}],"about":[{"href":"https:\/\/www.bolzonelladivise.com\/it\/wp-json\/wp\/v2\/types\/page"}],"author":[{"embeddable":true,"href":"https:\/\/www.bolzonelladivise.com\/it\/wp-json\/wp\/v2\/users\/1"}],"replies":[{"embeddable":true,"href":"https:\/\/www.bolzonelladivise.com\/it\/wp-json\/wp\/v2\/comments?post=52113"}],"version-history":[{"count":0,"href":"https:\/\/www.bolzonelladivise.com\/it\/wp-json\/wp\/v2\/pages\/52113\/revisions"}],"wp:featuredmedia":[{"embeddable":true,"href":"https:\/\/www.bolzonelladivise.com\/it\/wp-json\/wp\/v2\/media\/52122"}],"wp:attachment":[{"href":"https:\/\/www.bolzonelladivise.com\/it\/wp-json\/wp\/v2\/media?parent=52113"}],"curies":[{"name":"wp","href":"https:\/\/api.w.org\/{rel}","templated":true}]}}