{"id":50242,"date":"2024-05-02T13:29:55","date_gmt":"2024-05-02T11:29:55","guid":{"rendered":"https:\/\/www.bolzonelladivise.com\/?page_id=50242"},"modified":"2024-05-31T10:25:31","modified_gmt":"2024-05-31T08:25:31","slug":"landing-guida-dress-code","status":"publish","type":"page","link":"https:\/\/www.bolzonelladivise.com\/it\/landing-guida-dress-code\/","title":{"rendered":"Landing Guida Dress Code"},"content":{"rendered":"\t\t<div data-elementor-type=\"wp-page\" data-elementor-id=\"50242\" class=\"elementor elementor-50242\" data-elementor-post-type=\"page\">\n\t\t\t\t\t\t<main class=\"elementor-section elementor-top-section elementor-element elementor-element-db0bf99 elementor-section-full_width elementor-section-height-default elementor-section-height-default\" data-id=\"db0bf99\" data-element_type=\"section\" data-settings=\"{&quot;animation&quot;:&quot;none&quot;}\">\n\t\t\t\t\t\t<div class=\"elementor-container elementor-column-gap-default\">\n\t\t\t\t\t<div class=\"elementor-column elementor-col-100 elementor-top-column elementor-element elementor-element-0ed5125\" data-id=\"0ed5125\" data-element_type=\"column\">\n\t\t\t<div class=\"elementor-widget-wrap elementor-element-populated\">\n\t\t\t\t\t\t<div class=\"elementor-element elementor-element-e5ba70d elementor-widget elementor-widget-heading\" data-id=\"e5ba70d\" data-element_type=\"widget\" data-widget_type=\"heading.default\">\n\t\t\t\t<div class=\"elementor-widget-container\">\n\t\t\t\t\t<h1 class=\"elementor-heading-title elementor-size-default\">Guida al <br>\n<b>Business Dress Code<\/h1>\t\t\t\t<\/div>\n\t\t\t\t<\/div>\n\t\t\t\t\t<\/div>\n\t\t<\/div>\n\t\t\t\t\t<\/div>\n\t\t<\/main>\n\t\t\t\t<section class=\"elementor-section elementor-top-section elementor-element elementor-element-8004a0a elementor-section-boxed elementor-section-height-default elementor-section-height-default\" data-id=\"8004a0a\" data-element_type=\"section\" data-settings=\"{&quot;background_background&quot;:&quot;classic&quot;}\">\n\t\t\t\t\t\t<div class=\"elementor-container elementor-column-gap-default\">\n\t\t\t\t\t<div class=\"elementor-column elementor-col-100 elementor-top-column elementor-element elementor-element-ed7a87d\" data-id=\"ed7a87d\" data-element_type=\"column\">\n\t\t\t<div class=\"elementor-widget-wrap elementor-element-populated\">\n\t\t\t\t\t\t<section class=\"elementor-section elementor-inner-section elementor-element elementor-element-6e5115b elementor-section-full_width elementor-section-height-default elementor-section-height-default\" data-id=\"6e5115b\" data-element_type=\"section\" data-settings=\"{&quot;background_background&quot;:&quot;classic&quot;}\">\n\t\t\t\t\t\t\t<div class=\"elementor-background-overlay\"><\/div>\n\t\t\t\t\t\t\t<div class=\"elementor-container elementor-column-gap-default\">\n\t\t\t\t\t<div class=\"elementor-column elementor-col-50 elementor-inner-column elementor-element elementor-element-4e3c5a4\" data-id=\"4e3c5a4\" data-element_type=\"column\">\n\t\t\t<div class=\"elementor-widget-wrap elementor-element-populated\">\n\t\t\t\t\t\t<div class=\"elementor-element elementor-element-c710d62 elementor-widget elementor-widget-image\" data-id=\"c710d62\" data-element_type=\"widget\" data-widget_type=\"image.default\">\n\t\t\t\t<div class=\"elementor-widget-container\">\n\t\t\t\t\t\t\t\t\t\t\t\t\t\t\t<img fetchpriority=\"high\" decoding=\"async\" width=\"595\" height=\"595\" src=\"https:\/\/www.bolzonelladivise.com\/wp-content\/uploads\/Guida-al-Business-Dress-Code-2.jpg\" class=\"attachment-2048x2048 size-2048x2048 wp-image-50291\" alt=\"Guida al Business Dress Code\" srcset=\"https:\/\/www.bolzonelladivise.com\/wp-content\/uploads\/Guida-al-Business-Dress-Code-2.jpg 595w, https:\/\/www.bolzonelladivise.com\/wp-content\/uploads\/Guida-al-Business-Dress-Code-2-300x300.jpg 300w, https:\/\/www.bolzonelladivise.com\/wp-content\/uploads\/Guida-al-Business-Dress-Code-2-150x150.jpg 150w, https:\/\/www.bolzonelladivise.com\/wp-content\/uploads\/Guida-al-Business-Dress-Code-2-100x100.jpg 100w\" sizes=\"(max-width: 595px) 100vw, 595px\" \/>\t\t\t\t\t\t\t\t\t\t\t\t\t\t\t<\/div>\n\t\t\t\t<\/div>\n\t\t\t\t\t<\/div>\n\t\t<\/div>\n\t\t\t\t<div class=\"elementor-column elementor-col-50 elementor-inner-column elementor-element elementor-element-cccd304\" data-id=\"cccd304\" data-element_type=\"column\">\n\t\t\t<div class=\"elementor-widget-wrap elementor-element-populated\">\n\t\t\t\t\t\t<div class=\"elementor-element elementor-element-dc1c807 elementor-widget elementor-widget-text-editor\" data-id=\"dc1c807\" data-element_type=\"widget\" data-widget_type=\"text-editor.default\">\n\t\t\t\t<div class=\"elementor-widget-container\">\n\t\t\t\t\t\t\t\t\t<p>Compila il modulo sottostante e ti invieremo una email con il link per scaricare la nostra guida gratuita.<\/p>\t\t\t\t\t\t\t\t<\/div>\n\t\t\t\t<\/div>\n\t\t\t\t<div class=\"elementor-element elementor-element-3ef2e68 elementor-widget elementor-widget-text-editor\" data-id=\"3ef2e68\" data-element_type=\"widget\" data-widget_type=\"text-editor.default\">\n\t\t\t\t<div class=\"elementor-widget-container\">\n\t\t\t\t\t\t\t\t\t<p style=\"text-align: center;\">\n<div class=\"wpcf7 no-js\" id=\"wpcf7-f50254-o1\" lang=\"it-IT\" dir=\"ltr\" data-wpcf7-id=\"50254\">\n<div class=\"screen-reader-response\"><p role=\"status\" aria-live=\"polite\" aria-atomic=\"true\"><\/p> <ul><\/ul><\/div>\n<form action=\"\/it\/wp-json\/wp\/v2\/pages\/50242#wpcf7-f50254-o1\" method=\"post\" class=\"wpcf7-form init cf7-style\" aria-label=\"Modulo di contatto\" novalidate=\"novalidate\" data-status=\"init\">\n<fieldset class=\"hidden-fields-container\"><input type=\"hidden\" name=\"_wpcf7\" value=\"50254\" \/><input type=\"hidden\" name=\"_wpcf7_version\" value=\"6.1.4\" \/><input type=\"hidden\" name=\"_wpcf7_locale\" value=\"it_IT\" \/><input type=\"hidden\" name=\"_wpcf7_unit_tag\" value=\"wpcf7-f50254-o1\" \/><input type=\"hidden\" name=\"_wpcf7_container_post\" value=\"0\" \/><input type=\"hidden\" name=\"_wpcf7_posted_data_hash\" value=\"\" \/><input type=\"hidden\" name=\"_wpcf7_recaptcha_response\" value=\"\" \/>\n<\/fieldset>\n<p><label><\/label>\n<\/p>\n<p style=\"line-height:1; margin-bottom:0px;\">[<span style=\"color:red\">*<\/span>] e-mail\n<\/p>\n<p style=\"margin-top:0px\"><span class=\"wpcf7-form-control-wrap\" data-name=\"your-email\"><input size=\"40\" maxlength=\"400\" class=\"wpcf7-form-control wpcf7-email wpcf7-validates-as-required wpcf7-text wpcf7-validates-as-email\" aria-required=\"true\" aria-invalid=\"false\" value=\"\" type=\"email\" name=\"your-email\" \/><\/span>\n<\/p>\n<p><label><\/label>\n<\/p>\n<p style=\"line-height:1; margin-bottom:0px;\">[<span style=\"color:red\">*<\/span>] Nome e Cognome\n<\/p>\n<p style=\"margin-top:0px;\"><span class=\"wpcf7-form-control-wrap\" data-name=\"your-name\"><input size=\"40\" maxlength=\"400\" class=\"wpcf7-form-control wpcf7-text wpcf7-validates-as-required\" aria-required=\"true\" aria-invalid=\"false\" value=\"\" type=\"text\" name=\"your-name\" \/><\/span>\n<\/p>\n<p><label><\/label>\n<\/p>\n<p style=\"line-height:1; margin-bottom:0px;\">[<span style=\"color:red\">*<\/span>] Partita Iva Aziendale\n<\/p>\n<p style=\"margin-top:0px\"><span class=\"wpcf7-form-control-wrap\" data-name=\"text-636\"><input size=\"40\" maxlength=\"400\" class=\"wpcf7-form-control wpcf7-text wpcf7-validates-as-required\" aria-required=\"true\" aria-invalid=\"false\" value=\"\" type=\"text\" name=\"text-636\" \/><\/span>\n<\/p>\n<p style=\"text-align:right; font-size: 12px;\">[<span style=\"color:red\">*<\/span>] Campi obbligatori\n<\/p>\n<p><input class=\"wpcf7-form-control wpcf7-submit has-spinner\" type=\"submit\" value=\"Scarica la guida\" \/>\n<\/p><div class=\"wpcf7-response-output\" aria-hidden=\"true\"><\/div>\n<\/form>\n<\/div>\n<\/p>\t\t\t\t\t\t\t\t<\/div>\n\t\t\t\t<\/div>\n\t\t\t\t\t<\/div>\n\t\t<\/div>\n\t\t\t\t\t<\/div>\n\t\t<\/section>\n\t\t\t\t\t<\/div>\n\t\t<\/div>\n\t\t\t\t\t<\/div>\n\t\t<\/section>\n\t\t\t\t<section class=\"elementor-section elementor-top-section elementor-element elementor-element-5cd6353 elementor-section-boxed elementor-section-height-default elementor-section-height-default\" data-id=\"5cd6353\" data-element_type=\"section\">\n\t\t\t\t\t\t<div class=\"elementor-container elementor-column-gap-default\">\n\t\t\t\t\t<div class=\"elementor-column elementor-col-100 elementor-top-column elementor-element elementor-element-7d41cf2\" data-id=\"7d41cf2\" data-element_type=\"column\">\n\t\t\t<div class=\"elementor-widget-wrap elementor-element-populated\">\n\t\t\t\t\t\t<div class=\"elementor-element elementor-element-87c0302 elementor-widget elementor-widget-text-editor\" data-id=\"87c0302\" data-element_type=\"widget\" data-widget_type=\"text-editor.default\">\n\t\t\t\t<div class=\"elementor-widget-container\">\n\t\t\t\t\t\t\t\t\t<h2><strong>Perch\u00e9 Questa Guida?<\/strong><\/h2><p><span style=\"font-weight: 400;\">Unire stile, professionalit\u00e0 e brand identity attraverso le divise aziendali non \u00e8 mai stato cos\u00ec essenziale. La nostra guida ti mostrer\u00e0 come scegliere, implementare e mantenere le tue divise, in modo che riflettano perfettamente i valori e l&#8217;immagine del tuo brand, migliorando al contempo la percezione del cliente.<\/span><\/p><h2><strong>Cosa Troverai Nella Guida?<\/strong><\/h2><ul><li style=\"font-weight: 400;\" aria-level=\"1\"><p><span style=\"font-weight: 400;\"><strong>Selezione strategica delle divise da lavoro:<\/strong> come scegliere il design, i tessuti e i colori che comunicano l&#8217;identit\u00e0 del tuo brand.<\/span><\/p><\/li><li style=\"font-weight: 400;\" aria-level=\"1\"><p><span style=\"font-weight: 400;\"><strong>Vantaggi delle Divise Aziendali:<\/strong> come le divise da lavoro aumentano la professionalit\u00e0 e consolidano il senso di appartenenza tra i dipendenti.<\/span><\/p><\/li><li style=\"font-weight: 400;\" aria-level=\"1\"><p><span style=\"font-weight: 400;\"><strong>Gestione delle Sfide:<\/strong> affrontare i costi e l&#8217;accettazione delle divise con strategie inclusive e trasparenti.<\/span><\/p><\/li><li style=\"font-weight: 400;\" aria-level=\"1\"><p><span style=\"font-weight: 400;\"><span style=\"font-weight: 400;\"><strong>Innovazione e Sostenibilit\u00e0:<\/strong> utilizzo di materiali eco-sostenibili e integrazione delle ultime tecnologie per migliorare comfort e funzionalit\u00e0.<\/span><\/span><\/p><\/li><\/ul><h2><strong>A chi \u00e8 rivolta?<\/strong><\/h2><p><span style=\"font-weight: 400;\">Questa guida \u00e8 ideale per uffici acquisti, responsabili marketing, store manager, HR, e chiunque sia coinvolto nella gestione o nel rinnovo delle divise aziendali.<\/span><\/p><p><span style=\"font-weight: 400;\">Se vuoi rinnovare l&#8217;immagine del tuo team o iniziare ad utilizzare delle divise da lavoro elegante, troverai consigli utili e approfondimenti pratici.<\/span><\/p><h2 style=\"text-align: left;\"><strong>Contattaci<\/strong><\/h2><p><span style=\"font-weight: 400;\">Problemi con il download?<br \/>Contattaci a <span style=\"text-decoration: underline;\"><a href=\"mailto:info@bolzonelladivise.com\">info@bolzonelladivise.com<\/a><\/span><\/span><\/p><h2><strong>Cerchi qualcosa di diverso?<\/strong><\/h2><p>Chiedi un preventivo per valutare la nostra proposta, realizzeremo insieme una linea di divise eleganti studiata per la tua azienda. Il nostro Ufficio Stile ti affiancher\u00e0 con la sua esperienza nella scelta di modelli, tessuti e dettagli sartoriali secondo le tue esigenze.<\/p>\t\t\t\t\t\t\t\t<\/div>\n\t\t\t\t<\/div>\n\t\t\t\t\t<\/div>\n\t\t<\/div>\n\t\t\t\t\t<\/div>\n\t\t<\/section>\n\t\t\t\t<\/div>\n\t\t","protected":false},"excerpt":{"rendered":"<p>Guida al Business Dress Code Compila il modulo sottostante e ti invieremo una email con il link per scaricare la nostra guida gratuita. Perch\u00e9 Questa Guida? Unire stile, professionalit\u00e0 e brand identity attraverso le divise aziendali non \u00e8 mai stato cos\u00ec essenziale. La nostra guida ti mostrer\u00e0 come scegliere, implementare e mantenere le tue divise, [&hellip;]<\/p>\n","protected":false},"author":1,"featured_media":3856,"parent":0,"menu_order":0,"comment_status":"closed","ping_status":"closed","template":"","meta":{"footnotes":""},"class_list":["post-50242","page","type-page","status-publish","has-post-thumbnail","hentry"],"yoast_head":"<!-- This site is optimized with the Yoast SEO plugin v26.8 - https:\/\/yoast.com\/product\/yoast-seo-wordpress\/ -->\n<title>Guida al Business Dress Code | Bolzonella Divise<\/title>\n<meta name=\"description\" content=\"Scarica la nostra guida gratuita per scegliere la divisa da lavoro elegante per la tua azienda! Visita il sito e contattaci per avere un preventivo gratuito!\" \/>\n<meta name=\"robots\" content=\"index, follow, max-snippet:-1, max-image-preview:large, max-video-preview:-1\" \/>\n<link rel=\"canonical\" href=\"https:\/\/www.bolzonelladivise.com\/it\/landing-guida-dress-code\/\" \/>\n<meta property=\"og:locale\" content=\"it_IT\" \/>\n<meta property=\"og:type\" content=\"article\" \/>\n<meta property=\"og:title\" content=\"Guida al Business Dress Code | Bolzonella Divise\" \/>\n<meta property=\"og:description\" content=\"Scarica la nostra guida gratuita per scegliere la divisa da lavoro elegante per la tua azienda! Visita il sito e contattaci per avere un preventivo gratuito!\" \/>\n<meta property=\"og:url\" content=\"https:\/\/www.bolzonelladivise.com\/it\/landing-guida-dress-code\/\" \/>\n<meta property=\"og:site_name\" content=\"Bolzonella Divise\" \/>\n<meta property=\"article:modified_time\" content=\"2024-05-31T08:25:31+00:00\" \/>\n<meta property=\"og:image\" content=\"https:\/\/www.bolzonelladivise.com\/wp-content\/uploads\/AB-Cassino-NavyV.jpg\" \/>\n\t<meta property=\"og:image:width\" content=\"900\" \/>\n\t<meta property=\"og:image:height\" content=\"1249\" \/>\n\t<meta property=\"og:image:type\" content=\"image\/jpeg\" \/>\n<meta name=\"twitter:card\" content=\"summary_large_image\" \/>\n<meta name=\"twitter:label1\" content=\"Tempo di lettura stimato\" \/>\n\t<meta name=\"twitter:data1\" content=\"2 minuti\" \/>\n<script type=\"application\/ld+json\" class=\"yoast-schema-graph\">{\"@context\":\"https:\/\/schema.org\",\"@graph\":[{\"@type\":\"WebPage\",\"@id\":\"https:\/\/www.bolzonelladivise.com\/it\/landing-guida-dress-code\/\",\"url\":\"https:\/\/www.bolzonelladivise.com\/it\/landing-guida-dress-code\/\",\"name\":\"Guida al Business Dress Code | Bolzonella Divise\",\"isPartOf\":{\"@id\":\"https:\/\/www.bolzonelladivise.com\/it\/#website\"},\"primaryImageOfPage\":{\"@id\":\"https:\/\/www.bolzonelladivise.com\/it\/landing-guida-dress-code\/#primaryimage\"},\"image\":{\"@id\":\"https:\/\/www.bolzonelladivise.com\/it\/landing-guida-dress-code\/#primaryimage\"},\"thumbnailUrl\":\"https:\/\/www.bolzonelladivise.com\/wp-content\/uploads\/AB-Cassino-NavyV.jpg\",\"datePublished\":\"2024-05-02T11:29:55+00:00\",\"dateModified\":\"2024-05-31T08:25:31+00:00\",\"description\":\"Scarica la nostra guida gratuita per scegliere la divisa da lavoro elegante per la tua azienda! Visita il sito e contattaci per avere un preventivo gratuito!\",\"breadcrumb\":{\"@id\":\"https:\/\/www.bolzonelladivise.com\/it\/landing-guida-dress-code\/#breadcrumb\"},\"inLanguage\":\"it-IT\",\"potentialAction\":[{\"@type\":\"ReadAction\",\"target\":[\"https:\/\/www.bolzonelladivise.com\/it\/landing-guida-dress-code\/\"]}]},{\"@type\":\"ImageObject\",\"inLanguage\":\"it-IT\",\"@id\":\"https:\/\/www.bolzonelladivise.com\/it\/landing-guida-dress-code\/#primaryimage\",\"url\":\"https:\/\/www.bolzonelladivise.com\/wp-content\/uploads\/AB-Cassino-NavyV.jpg\",\"contentUrl\":\"https:\/\/www.bolzonelladivise.com\/wp-content\/uploads\/AB-Cassino-NavyV.jpg\",\"width\":900,\"height\":1249,\"caption\":\"Divise eleganti Cast Bolzonella\"},{\"@type\":\"BreadcrumbList\",\"@id\":\"https:\/\/www.bolzonelladivise.com\/it\/landing-guida-dress-code\/#breadcrumb\",\"itemListElement\":[{\"@type\":\"ListItem\",\"position\":1,\"name\":\"Home\",\"item\":\"https:\/\/www.bolzonelladivise.com\/it\/\"},{\"@type\":\"ListItem\",\"position\":2,\"name\":\"Landing Guida Dress Code\"}]},{\"@type\":\"WebSite\",\"@id\":\"https:\/\/www.bolzonelladivise.com\/it\/#website\",\"url\":\"https:\/\/www.bolzonelladivise.com\/it\/\",\"name\":\"Bolzonella Divise\",\"description\":\"Under Construction\",\"potentialAction\":[{\"@type\":\"SearchAction\",\"target\":{\"@type\":\"EntryPoint\",\"urlTemplate\":\"https:\/\/www.bolzonelladivise.com\/it\/?s={search_term_string}\"},\"query-input\":{\"@type\":\"PropertyValueSpecification\",\"valueRequired\":true,\"valueName\":\"search_term_string\"}}],\"inLanguage\":\"it-IT\"}]}<\/script>\n<!-- \/ Yoast SEO plugin. -->","yoast_head_json":{"title":"Guida al Business Dress Code | Bolzonella Divise","description":"Scarica la nostra guida gratuita per scegliere la divisa da lavoro elegante per la tua azienda! Visita il sito e contattaci per avere un preventivo gratuito!","robots":{"index":"index","follow":"follow","max-snippet":"max-snippet:-1","max-image-preview":"max-image-preview:large","max-video-preview":"max-video-preview:-1"},"canonical":"https:\/\/www.bolzonelladivise.com\/it\/landing-guida-dress-code\/","og_locale":"it_IT","og_type":"article","og_title":"Guida al Business Dress Code | Bolzonella Divise","og_description":"Scarica la nostra guida gratuita per scegliere la divisa da lavoro elegante per la tua azienda! Visita il sito e contattaci per avere un preventivo gratuito!","og_url":"https:\/\/www.bolzonelladivise.com\/it\/landing-guida-dress-code\/","og_site_name":"Bolzonella Divise","article_modified_time":"2024-05-31T08:25:31+00:00","og_image":[{"width":900,"height":1249,"url":"https:\/\/www.bolzonelladivise.com\/wp-content\/uploads\/AB-Cassino-NavyV.jpg","type":"image\/jpeg"}],"twitter_card":"summary_large_image","twitter_misc":{"Tempo di lettura stimato":"2 minuti"},"schema":{"@context":"https:\/\/schema.org","@graph":[{"@type":"WebPage","@id":"https:\/\/www.bolzonelladivise.com\/it\/landing-guida-dress-code\/","url":"https:\/\/www.bolzonelladivise.com\/it\/landing-guida-dress-code\/","name":"Guida al Business Dress Code | Bolzonella Divise","isPartOf":{"@id":"https:\/\/www.bolzonelladivise.com\/it\/#website"},"primaryImageOfPage":{"@id":"https:\/\/www.bolzonelladivise.com\/it\/landing-guida-dress-code\/#primaryimage"},"image":{"@id":"https:\/\/www.bolzonelladivise.com\/it\/landing-guida-dress-code\/#primaryimage"},"thumbnailUrl":"https:\/\/www.bolzonelladivise.com\/wp-content\/uploads\/AB-Cassino-NavyV.jpg","datePublished":"2024-05-02T11:29:55+00:00","dateModified":"2024-05-31T08:25:31+00:00","description":"Scarica la nostra guida gratuita per scegliere la divisa da lavoro elegante per la tua azienda! Visita il sito e contattaci per avere un preventivo gratuito!","breadcrumb":{"@id":"https:\/\/www.bolzonelladivise.com\/it\/landing-guida-dress-code\/#breadcrumb"},"inLanguage":"it-IT","potentialAction":[{"@type":"ReadAction","target":["https:\/\/www.bolzonelladivise.com\/it\/landing-guida-dress-code\/"]}]},{"@type":"ImageObject","inLanguage":"it-IT","@id":"https:\/\/www.bolzonelladivise.com\/it\/landing-guida-dress-code\/#primaryimage","url":"https:\/\/www.bolzonelladivise.com\/wp-content\/uploads\/AB-Cassino-NavyV.jpg","contentUrl":"https:\/\/www.bolzonelladivise.com\/wp-content\/uploads\/AB-Cassino-NavyV.jpg","width":900,"height":1249,"caption":"Divise eleganti Cast Bolzonella"},{"@type":"BreadcrumbList","@id":"https:\/\/www.bolzonelladivise.com\/it\/landing-guida-dress-code\/#breadcrumb","itemListElement":[{"@type":"ListItem","position":1,"name":"Home","item":"https:\/\/www.bolzonelladivise.com\/it\/"},{"@type":"ListItem","position":2,"name":"Landing Guida Dress Code"}]},{"@type":"WebSite","@id":"https:\/\/www.bolzonelladivise.com\/it\/#website","url":"https:\/\/www.bolzonelladivise.com\/it\/","name":"Bolzonella Divise","description":"Under Construction","potentialAction":[{"@type":"SearchAction","target":{"@type":"EntryPoint","urlTemplate":"https:\/\/www.bolzonelladivise.com\/it\/?s={search_term_string}"},"query-input":{"@type":"PropertyValueSpecification","valueRequired":true,"valueName":"search_term_string"}}],"inLanguage":"it-IT"}]}},"_links":{"self":[{"href":"https:\/\/www.bolzonelladivise.com\/it\/wp-json\/wp\/v2\/pages\/50242","targetHints":{"allow":["GET"]}}],"collection":[{"href":"https:\/\/www.bolzonelladivise.com\/it\/wp-json\/wp\/v2\/pages"}],"about":[{"href":"https:\/\/www.bolzonelladivise.com\/it\/wp-json\/wp\/v2\/types\/page"}],"author":[{"embeddable":true,"href":"https:\/\/www.bolzonelladivise.com\/it\/wp-json\/wp\/v2\/users\/1"}],"replies":[{"embeddable":true,"href":"https:\/\/www.bolzonelladivise.com\/it\/wp-json\/wp\/v2\/comments?post=50242"}],"version-history":[{"count":0,"href":"https:\/\/www.bolzonelladivise.com\/it\/wp-json\/wp\/v2\/pages\/50242\/revisions"}],"wp:featuredmedia":[{"embeddable":true,"href":"https:\/\/www.bolzonelladivise.com\/it\/wp-json\/wp\/v2\/media\/3856"}],"wp:attachment":[{"href":"https:\/\/www.bolzonelladivise.com\/it\/wp-json\/wp\/v2\/media?parent=50242"}],"curies":[{"name":"wp","href":"https:\/\/api.w.org\/{rel}","templated":true}]}}